{"id":35779,"date":"2026-01-27T16:57:15","date_gmt":"2026-01-27T16:57:15","guid":{"rendered":"https:\/\/www.deporteseli.com\/?product=polo-algodon-hombre-2"},"modified":"2026-01-27T16:57:16","modified_gmt":"2026-01-27T16:57:16","slug":"polo-algodon-hombre-2","status":"publish","type":"product","link":"https:\/\/www.deporteseli.com\/?product=polo-algodon-hombre-2","title":{"rendered":"POLO ALGOD\u00f3N HOMBRE"},"content":{"rendered":"<p>6911023- KEPA Prestaciones: C\u00f3modo, confortable, tacto agradable, transpirable. Composici\u00f3n: 100% Algod\u00f3n ( punto jersey 145 grs.). Caracter\u00edsticas: Cuello polo abotonado, corte regular, cuello y pu\u00f1os acanalados con vivos a contraste, estampado suave, etiqueta tejida con marca, bolsillo insertado. Colores: Verde-Azul El\u00e9ctrico- Verde Oscuro( estampado). Tallas: S-M-L-XL-2XL-3XL                                                                                                                                                                                                                                                                                                                                                                                                                                                                                                                                                                                                                                                                                                                                                                                                                                                                                                                                                                                                                                        <\/p>\n","protected":false},"excerpt":{"rendered":"<p>POLO ALGOD\u00f3N HOMBRE<\/p>\n","protected":false},"featured_media":50421,"template":"","meta":[],"product_brand":[],"product_cat":[245],"product_tag":[70],"class_list":{"0":"post-35779","1":"product","2":"type-product","3":"status-publish","4":"has-post-thumbnail","6":"product_cat-hombre_textil_camisetas","7":"product_tag-bcn","8":"pa_color-unico","9":"pa_talla-xxl","10":"thunk-woo-product-list","11":"opn-qv-enable","12":"open-woo-hover-","13":"open-single-product-tab-horizontal","14":"open-shadow-","15":"open-shadow-hover-","17":"first","18":"instock","19":"shipping-taxable","20":"purchasable","21":"product-type-variable"},"jetpack_sharing_enabled":true,"_links":{"self":[{"href":"https:\/\/www.deporteseli.com\/index.php?rest_route=\/wp\/v2\/product\/35779","targetHints":{"allow":["GET"]}}],"collection":[{"href":"https:\/\/www.deporteseli.com\/index.php?rest_route=\/wp\/v2\/product"}],"about":[{"href":"https:\/\/www.deporteseli.com\/index.php?rest_route=\/wp\/v2\/types\/product"}],"wp:featuredmedia":[{"embeddable":true,"href":"https:\/\/www.deporteseli.com\/index.php?rest_route=\/wp\/v2\/media\/50421"}],"wp:attachment":[{"href":"https:\/\/www.deporteseli.com\/index.php?rest_route=%2Fwp%2Fv2%2Fmedia&parent=35779"}],"wp:term":[{"taxonomy":"product_brand","embeddable":true,"href":"https:\/\/www.deporteseli.com\/index.php?rest_route=%2Fwp%2Fv2%2Fproduct_brand&post=35779"},{"taxonomy":"product_cat","embeddable":true,"href":"https:\/\/www.deporteseli.com\/index.php?rest_route=%2Fwp%2Fv2%2Fproduct_cat&post=35779"},{"taxonomy":"product_tag","embeddable":true,"href":"https:\/\/www.deporteseli.com\/index.php?rest_route=%2Fwp%2Fv2%2Fproduct_tag&post=35779"}],"curies":[{"name":"wp","href":"https:\/\/api.w.org\/{rel}","templated":true}]}}