{"id":35773,"date":"2026-01-27T16:57:07","date_gmt":"2026-01-27T16:57:07","guid":{"rendered":"https:\/\/www.deporteseli.com\/?product=camiseta-algodon-hombre-7"},"modified":"2026-01-27T16:57:10","modified_gmt":"2026-01-27T16:57:10","slug":"camiseta-algodon-hombre-7","status":"publish","type":"product","link":"https:\/\/www.deporteseli.com\/?product=camiseta-algodon-hombre-7","title":{"rendered":"CAMISETA ALGOD\u00f3N HOMBRE"},"content":{"rendered":"<p>6911014- SKOLL Prestaciones: C\u00f3moda, confortable, tacto agradable, transpirable. Composici\u00f3n: 100% Algod\u00f3n ( punto jersey 160 grs.). Tejido jaspeado. Caracter\u00edsticas: Cuello redondo, corte regular, manga corta, serigraf\u00eda frontal plana y sueve. Colores: Piedra Claro Tallas: S-M-L-XL-2XL-3XL                                                                                                                                                                                                                                                                                                                                                                                                                                                                                                                                                                                                                                                                                                                                                                                                                                                                                                                                                                                                                                        <\/p>\n","protected":false},"excerpt":{"rendered":"<p>CAMISETA ALGOD\u00f3N HOMBRE<\/p>\n","protected":false},"featured_media":50419,"template":"","meta":[],"product_brand":[],"product_cat":[245],"product_tag":[70],"class_list":{"0":"post-35773","1":"product","2":"type-product","3":"status-publish","4":"has-post-thumbnail","6":"product_cat-hombre_textil_camisetas","7":"product_tag-bcn","8":"pa_color-unico","9":"pa_talla-l","10":"pa_talla-xl","11":"thunk-woo-product-list","12":"opn-qv-enable","13":"open-woo-hover-","14":"open-single-product-tab-horizontal","15":"open-shadow-","16":"open-shadow-hover-","18":"first","19":"instock","20":"shipping-taxable","21":"purchasable","22":"product-type-variable"},"jetpack_sharing_enabled":true,"_links":{"self":[{"href":"https:\/\/www.deporteseli.com\/index.php?rest_route=\/wp\/v2\/product\/35773","targetHints":{"allow":["GET"]}}],"collection":[{"href":"https:\/\/www.deporteseli.com\/index.php?rest_route=\/wp\/v2\/product"}],"about":[{"href":"https:\/\/www.deporteseli.com\/index.php?rest_route=\/wp\/v2\/types\/product"}],"wp:featuredmedia":[{"embeddable":true,"href":"https:\/\/www.deporteseli.com\/index.php?rest_route=\/wp\/v2\/media\/50419"}],"wp:attachment":[{"href":"https:\/\/www.deporteseli.com\/index.php?rest_route=%2Fwp%2Fv2%2Fmedia&parent=35773"}],"wp:term":[{"taxonomy":"product_brand","embeddable":true,"href":"https:\/\/www.deporteseli.com\/index.php?rest_route=%2Fwp%2Fv2%2Fproduct_brand&post=35773"},{"taxonomy":"product_cat","embeddable":true,"href":"https:\/\/www.deporteseli.com\/index.php?rest_route=%2Fwp%2Fv2%2Fproduct_cat&post=35773"},{"taxonomy":"product_tag","embeddable":true,"href":"https:\/\/www.deporteseli.com\/index.php?rest_route=%2Fwp%2Fv2%2Fproduct_tag&post=35773"}],"curies":[{"name":"wp","href":"https:\/\/api.w.org\/{rel}","templated":true}]}}