{"id":35770,"date":"2026-01-27T16:57:04","date_gmt":"2026-01-27T16:57:04","guid":{"rendered":"https:\/\/www.deporteseli.com\/?product=camiseta-algodon-hombre-6"},"modified":"2026-01-27T16:57:06","modified_gmt":"2026-01-27T16:57:06","slug":"camiseta-algodon-hombre-6","status":"publish","type":"product","link":"https:\/\/www.deporteseli.com\/?product=camiseta-algodon-hombre-6","title":{"rendered":"CAMISETA ALGOD\u00f3N HOMBRE"},"content":{"rendered":"<p>6911016- RHEA Prestaciones: C\u00f3moda, confortable, tacto agradable, transpirable. Composici\u00f3n: 100% Algod\u00f3n ( punto jersey 145 grs.). Caracter\u00edsticas: Cuello redondo, corte regular, manga corta, serigraf\u00eda frontal plana y suave. Colores: Blanco Tallas: S-M-L-XL-2XL-3XL                                                                                                                                                                                                                                                                                                                                                                                                                                                                                                                                                                                                                                                                                                                                                                                                                                                                                                                                                                                                                                        <\/p>\n","protected":false},"excerpt":{"rendered":"<p>CAMISETA ALGOD\u00f3N HOMBRE<\/p>\n","protected":false},"featured_media":50418,"template":"","meta":[],"product_brand":[],"product_cat":[245],"product_tag":[70],"class_list":{"0":"post-35770","1":"product","2":"type-product","3":"status-publish","4":"has-post-thumbnail","6":"product_cat-hombre_textil_camisetas","7":"product_tag-bcn","8":"pa_color-unico","9":"pa_talla-l","10":"pa_talla-xxl","11":"thunk-woo-product-list","12":"opn-qv-enable","13":"open-woo-hover-","14":"open-single-product-tab-horizontal","15":"open-shadow-","16":"open-shadow-hover-","18":"first","19":"instock","20":"shipping-taxable","21":"purchasable","22":"product-type-variable"},"jetpack_sharing_enabled":true,"_links":{"self":[{"href":"https:\/\/www.deporteseli.com\/index.php?rest_route=\/wp\/v2\/product\/35770","targetHints":{"allow":["GET"]}}],"collection":[{"href":"https:\/\/www.deporteseli.com\/index.php?rest_route=\/wp\/v2\/product"}],"about":[{"href":"https:\/\/www.deporteseli.com\/index.php?rest_route=\/wp\/v2\/types\/product"}],"wp:featuredmedia":[{"embeddable":true,"href":"https:\/\/www.deporteseli.com\/index.php?rest_route=\/wp\/v2\/media\/50418"}],"wp:attachment":[{"href":"https:\/\/www.deporteseli.com\/index.php?rest_route=%2Fwp%2Fv2%2Fmedia&parent=35770"}],"wp:term":[{"taxonomy":"product_brand","embeddable":true,"href":"https:\/\/www.deporteseli.com\/index.php?rest_route=%2Fwp%2Fv2%2Fproduct_brand&post=35770"},{"taxonomy":"product_cat","embeddable":true,"href":"https:\/\/www.deporteseli.com\/index.php?rest_route=%2Fwp%2Fv2%2Fproduct_cat&post=35770"},{"taxonomy":"product_tag","embeddable":true,"href":"https:\/\/www.deporteseli.com\/index.php?rest_route=%2Fwp%2Fv2%2Fproduct_tag&post=35770"}],"curies":[{"name":"wp","href":"https:\/\/api.w.org\/{rel}","templated":true}]}}