{"id":35766,"date":"2026-01-27T16:56:59","date_gmt":"2026-01-27T16:56:59","guid":{"rendered":"https:\/\/www.deporteseli.com\/?product=camiseta-algodon-hombre-5"},"modified":"2026-01-27T16:57:03","modified_gmt":"2026-01-27T16:57:03","slug":"camiseta-algodon-hombre-5","status":"publish","type":"product","link":"https:\/\/www.deporteseli.com\/?product=camiseta-algodon-hombre-5","title":{"rendered":"CAMISETA ALGOD\u00f3N HOMBRE"},"content":{"rendered":"<p>6911015- FENRI Prestaciones: C\u00f3moda, confortable, tacto agradable, transpirable. Composici\u00f3n: 100% Algod\u00f3n( punto jersey 145 grs.). Caracter\u00edsticas: Cuello redondo, corte regular, manga corta, serigraf\u00eda frontal plana y suave. Colores: Marino Tallas: S-M-L-XL-2XL-3XL                                                                                                                                                                                                                                                                                                                                                                                                                                                                                                                                                                                                                                                                                                                                                                                                                                                                                                                                                                                                                                        <\/p>\n","protected":false},"excerpt":{"rendered":"<p>CAMISETA ALGOD\u00f3N HOMBRE<\/p>\n","protected":false},"featured_media":50417,"template":"","meta":[],"product_brand":[],"product_cat":[245],"product_tag":[70],"class_list":{"0":"post-35766","1":"product","2":"type-product","3":"status-publish","4":"has-post-thumbnail","6":"product_cat-hombre_textil_camisetas","7":"product_tag-bcn","8":"pa_color-unico","9":"pa_talla-l","10":"pa_talla-m","11":"pa_talla-xl","12":"thunk-woo-product-list","13":"opn-qv-enable","14":"open-woo-hover-","15":"open-single-product-tab-horizontal","16":"open-shadow-","17":"open-shadow-hover-","19":"first","20":"instock","21":"shipping-taxable","22":"purchasable","23":"product-type-variable"},"jetpack_sharing_enabled":true,"_links":{"self":[{"href":"https:\/\/www.deporteseli.com\/index.php?rest_route=\/wp\/v2\/product\/35766","targetHints":{"allow":["GET"]}}],"collection":[{"href":"https:\/\/www.deporteseli.com\/index.php?rest_route=\/wp\/v2\/product"}],"about":[{"href":"https:\/\/www.deporteseli.com\/index.php?rest_route=\/wp\/v2\/types\/product"}],"wp:featuredmedia":[{"embeddable":true,"href":"https:\/\/www.deporteseli.com\/index.php?rest_route=\/wp\/v2\/media\/50417"}],"wp:attachment":[{"href":"https:\/\/www.deporteseli.com\/index.php?rest_route=%2Fwp%2Fv2%2Fmedia&parent=35766"}],"wp:term":[{"taxonomy":"product_brand","embeddable":true,"href":"https:\/\/www.deporteseli.com\/index.php?rest_route=%2Fwp%2Fv2%2Fproduct_brand&post=35766"},{"taxonomy":"product_cat","embeddable":true,"href":"https:\/\/www.deporteseli.com\/index.php?rest_route=%2Fwp%2Fv2%2Fproduct_cat&post=35766"},{"taxonomy":"product_tag","embeddable":true,"href":"https:\/\/www.deporteseli.com\/index.php?rest_route=%2Fwp%2Fv2%2Fproduct_tag&post=35766"}],"curies":[{"name":"wp","href":"https:\/\/api.w.org\/{rel}","templated":true}]}}