{"id":35759,"date":"2026-01-27T16:56:50","date_gmt":"2026-01-27T16:56:50","guid":{"rendered":"https:\/\/www.deporteseli.com\/?product=bermuda-trekking-nylon-elastan-hombre"},"modified":"2026-01-27T16:56:54","modified_gmt":"2026-01-27T16:56:54","slug":"bermuda-trekking-nylon-elastan-hombre","status":"publish","type":"product","link":"https:\/\/www.deporteseli.com\/?product=bermuda-trekking-nylon-elastan-hombre","title":{"rendered":"BERMUDA TREKKING NYLON\/ELAST\u00e1N HOMBRE"},"content":{"rendered":"<p>5711001- ZINK Prestaciones: C\u00f3modo, confortable, el\u00e1stica, transpirable, tejido tratado con DWR. Composici\u00f3n: 95% Nylon- 5% Elast\u00e1n ( 145 grs.). B-Streched. Tejido repelente al agua. Caracter\u00edsticas: Corte deportivo, cintura semi-el\u00e1stica con cierre corchete, cintur\u00f3n ajustable, 5 bolsillos( los laterales con cremalleras invertidas y engomadas), refuerzo en la entrepierna, logo bordado a &#8230;                                                                                                                                                                                                                                                                                                                                                                                                                                                                                                                                                                                                                                                                                                                                                                                                                                                                                                                                                                                                                                        <\/p>\n","protected":false},"excerpt":{"rendered":"<p>BERMUDA TREKKING NYLON\/ELAST\u00e1N HOMBRE<\/p>\n","protected":false},"featured_media":50415,"template":"","meta":[],"product_brand":[],"product_cat":[250],"product_tag":[70],"class_list":{"0":"post-35759","1":"product","2":"type-product","3":"status-publish","4":"has-post-thumbnail","6":"product_cat-hombre_textil_bermudas","7":"product_tag-bcn","8":"pa_color-unico","9":"pa_talla-153","10":"pa_talla-161","11":"pa_talla-166","12":"thunk-woo-product-list","13":"opn-qv-enable","14":"open-woo-hover-","15":"open-single-product-tab-horizontal","16":"open-shadow-","17":"open-shadow-hover-","19":"first","20":"instock","21":"shipping-taxable","22":"purchasable","23":"product-type-variable"},"jetpack_sharing_enabled":true,"_links":{"self":[{"href":"https:\/\/www.deporteseli.com\/index.php?rest_route=\/wp\/v2\/product\/35759","targetHints":{"allow":["GET"]}}],"collection":[{"href":"https:\/\/www.deporteseli.com\/index.php?rest_route=\/wp\/v2\/product"}],"about":[{"href":"https:\/\/www.deporteseli.com\/index.php?rest_route=\/wp\/v2\/types\/product"}],"wp:featuredmedia":[{"embeddable":true,"href":"https:\/\/www.deporteseli.com\/index.php?rest_route=\/wp\/v2\/media\/50415"}],"wp:attachment":[{"href":"https:\/\/www.deporteseli.com\/index.php?rest_route=%2Fwp%2Fv2%2Fmedia&parent=35759"}],"wp:term":[{"taxonomy":"product_brand","embeddable":true,"href":"https:\/\/www.deporteseli.com\/index.php?rest_route=%2Fwp%2Fv2%2Fproduct_brand&post=35759"},{"taxonomy":"product_cat","embeddable":true,"href":"https:\/\/www.deporteseli.com\/index.php?rest_route=%2Fwp%2Fv2%2Fproduct_cat&post=35759"},{"taxonomy":"product_tag","embeddable":true,"href":"https:\/\/www.deporteseli.com\/index.php?rest_route=%2Fwp%2Fv2%2Fproduct_tag&post=35759"}],"curies":[{"name":"wp","href":"https:\/\/api.w.org\/{rel}","templated":true}]}}