{"id":35753,"date":"2026-01-27T16:56:41","date_gmt":"2026-01-27T16:56:41","guid":{"rendered":"https:\/\/www.deporteseli.com\/?product=bermuda-tejana-algodon-elastan-hombre"},"modified":"2026-01-27T16:56:47","modified_gmt":"2026-01-27T16:56:47","slug":"bermuda-tejana-algodon-elastan-hombre","status":"publish","type":"product","link":"https:\/\/www.deporteseli.com\/?product=bermuda-tejana-algodon-elastan-hombre","title":{"rendered":"BERMUDA TEJANA ALGOD\u00f3N\/ELAST\u00e1N HOMBRE"},"content":{"rendered":"<p>5711025- ROMULO Prestaciones: C\u00f3modo, confortable, tacto agradable, transpirable. Composici\u00f3n: 98% Algod\u00f3n- 2% Elast\u00e1n Caracter\u00edsticas: Cintura el\u00e1stica con cord\u00f3n regulable, bragueta con cremallera met\u00e1lica, bolsillos delanteros redondeados, remache met\u00e1lico con la marca, bolsillo monedero, 2 bolsillos delanteros de parche con bordado. Colores: Azul Oscuro Tallas: 38-40-42-44-46-48-50-52-54                                                                                                                                                                                                                                                                                                                                                                                                                                                                                                                                                                                                                                                                                                                                                                                                                                                                                                                                                                                                                                        <\/p>\n","protected":false},"excerpt":{"rendered":"<p>BERMUDA TEJANA ALGOD\u00f3N\/ELAST\u00e1N HOMBRE<\/p>\n","protected":false},"featured_media":50413,"template":"","meta":[],"product_brand":[],"product_cat":[250],"product_tag":[70],"class_list":{"0":"post-35753","1":"product","2":"type-product","3":"status-publish","4":"has-post-thumbnail","6":"product_cat-hombre_textil_bermudas","7":"product_tag-bcn","8":"pa_color-unico","9":"pa_talla-149","10":"pa_talla-164","11":"pa_talla-166","12":"thunk-woo-product-list","13":"opn-qv-enable","14":"open-woo-hover-","15":"open-single-product-tab-horizontal","16":"open-shadow-","17":"open-shadow-hover-","19":"first","20":"instock","21":"shipping-taxable","22":"purchasable","23":"product-type-variable"},"jetpack_sharing_enabled":true,"_links":{"self":[{"href":"https:\/\/www.deporteseli.com\/index.php?rest_route=\/wp\/v2\/product\/35753","targetHints":{"allow":["GET"]}}],"collection":[{"href":"https:\/\/www.deporteseli.com\/index.php?rest_route=\/wp\/v2\/product"}],"about":[{"href":"https:\/\/www.deporteseli.com\/index.php?rest_route=\/wp\/v2\/types\/product"}],"wp:featuredmedia":[{"embeddable":true,"href":"https:\/\/www.deporteseli.com\/index.php?rest_route=\/wp\/v2\/media\/50413"}],"wp:attachment":[{"href":"https:\/\/www.deporteseli.com\/index.php?rest_route=%2Fwp%2Fv2%2Fmedia&parent=35753"}],"wp:term":[{"taxonomy":"product_brand","embeddable":true,"href":"https:\/\/www.deporteseli.com\/index.php?rest_route=%2Fwp%2Fv2%2Fproduct_brand&post=35753"},{"taxonomy":"product_cat","embeddable":true,"href":"https:\/\/www.deporteseli.com\/index.php?rest_route=%2Fwp%2Fv2%2Fproduct_cat&post=35753"},{"taxonomy":"product_tag","embeddable":true,"href":"https:\/\/www.deporteseli.com\/index.php?rest_route=%2Fwp%2Fv2%2Fproduct_tag&post=35753"}],"curies":[{"name":"wp","href":"https:\/\/api.w.org\/{rel}","templated":true}]}}