{"id":35737,"date":"2026-01-27T16:56:18","date_gmt":"2026-01-27T16:56:18","guid":{"rendered":"https:\/\/www.deporteseli.com\/?product=guantes-versatile-climalite"},"modified":"2026-01-27T16:56:20","modified_gmt":"2026-01-27T16:56:20","slug":"guantes-versatile-climalite","status":"publish","type":"product","link":"https:\/\/www.deporteseli.com\/?product=guantes-versatile-climalite","title":{"rendered":"GUANTES VERSATILE CLIMALITE"},"content":{"rendered":"<p>SACA EL M\u00c1XIMO PROVECHO AL ENTRENAMIENTO  Pon a prueba tus l\u00edmites con estos guantes de training transpirables. El dorso el\u00e1stico es muy resistente al desgaste y la palma de piel sint\u00e9tica te proporciona el agarre que necesitas en los levantamientos de peso. El cierre de la mu\u00f1eca te garantiza un ajuste \u00f3ptimo. Cuentan con un tirador de tela en los dedos para que te los puedas quitar f\u00e1cilmente.  DETALLES  Dorso: 90% poli\u00e9ster \/ 10% elast\u00e1n: Palma: piel sint\u00e9tica 55% nailon \/ 45% poliuretano  La tecnolog\u00eda transpirable Climalite expulsa el sudor de la piel  Cierre ajustable en la mu\u00f1eca  Palma antideslizante  Dos tiradores de tela en los dedos para quitar f\u00e1cilmente  Color del art\u00edculo: Black \/ Black \/ Iron Met.  N\u00famero de art\u00edculo: DT7955                                                                                                                                                                                                                                                                                                                                                                                                                                                                                                                                                                                                                                                                                                                                                                                                                                                                                                                                                                                                                                        <\/p>\n","protected":false},"excerpt":{"rendered":"<p>GUANTES VERSATILE CLIMALITE<\/p>\n","protected":false},"featured_media":50400,"template":"","meta":[],"product_brand":[],"product_cat":[342],"product_tag":[18],"class_list":{"0":"post-35737","1":"product","2":"type-product","3":"status-publish","4":"has-post-thumbnail","6":"product_cat-deportes_gimnasio_guantes","7":"product_tag-adidas","8":"pa_color-unico","9":"pa_talla-xs","10":"thunk-woo-product-list","11":"opn-qv-enable","12":"open-woo-hover-","13":"open-single-product-tab-horizontal","14":"open-shadow-","15":"open-shadow-hover-","17":"first","18":"instock","19":"shipping-taxable","20":"purchasable","21":"product-type-variable"},"jetpack_sharing_enabled":true,"_links":{"self":[{"href":"https:\/\/www.deporteseli.com\/index.php?rest_route=\/wp\/v2\/product\/35737","targetHints":{"allow":["GET"]}}],"collection":[{"href":"https:\/\/www.deporteseli.com\/index.php?rest_route=\/wp\/v2\/product"}],"about":[{"href":"https:\/\/www.deporteseli.com\/index.php?rest_route=\/wp\/v2\/types\/product"}],"wp:featuredmedia":[{"embeddable":true,"href":"https:\/\/www.deporteseli.com\/index.php?rest_route=\/wp\/v2\/media\/50400"}],"wp:attachment":[{"href":"https:\/\/www.deporteseli.com\/index.php?rest_route=%2Fwp%2Fv2%2Fmedia&parent=35737"}],"wp:term":[{"taxonomy":"product_brand","embeddable":true,"href":"https:\/\/www.deporteseli.com\/index.php?rest_route=%2Fwp%2Fv2%2Fproduct_brand&post=35737"},{"taxonomy":"product_cat","embeddable":true,"href":"https:\/\/www.deporteseli.com\/index.php?rest_route=%2Fwp%2Fv2%2Fproduct_cat&post=35737"},{"taxonomy":"product_tag","embeddable":true,"href":"https:\/\/www.deporteseli.com\/index.php?rest_route=%2Fwp%2Fv2%2Fproduct_tag&post=35737"}],"curies":[{"name":"wp","href":"https:\/\/api.w.org\/{rel}","templated":true}]}}