{"id":35720,"date":"2026-01-27T16:55:52","date_gmt":"2026-01-27T16:55:52","guid":{"rendered":"https:\/\/www.deporteseli.com\/?product=camiseta-sin-mangas-tie-dye"},"modified":"2026-01-27T16:55:54","modified_gmt":"2026-01-27T16:55:54","slug":"camiseta-sin-mangas-tie-dye","status":"publish","type":"product","link":"https:\/\/www.deporteseli.com\/?product=camiseta-sin-mangas-tie-dye","title":{"rendered":"CAMISETA SIN MANGAS TIE-DYE"},"content":{"rendered":"<p>UNA CAMISETA DE ALGOD\u00d3N SIN MANGAS CON UN LOOK TIE-DYE FRESCO.  Este verano dalo todo con esta camiseta sin mangas Reebok para hombre. Porque cuando apuestas por un estampado tie-dye, no tienes nada que perder. Su corte holgado le confiere un estilo relajado. C\u00e1rgate de buenas vibraciones.  DETALLES  Corte holgado.  Cuello redondo.  Punto simple, 100 % algod\u00f3n.  Estampado tie-dye de espiral.  Color del art\u00edculo: Semi Energy Glow  N\u00famero de art\u00edculo: GL2315                                                                                                                                                                                                                                                                                                                                                                                                                                                                                                                                                                                                                                                                                                                                                                                                                                                                                                                                                                                                                                        <\/p>\n","protected":false},"excerpt":{"rendered":"<p>CAMISETA SIN MANGAS TIE-DYE<\/p>\n","protected":false},"featured_media":50373,"template":"","meta":[],"product_brand":[],"product_cat":[245],"product_tag":[41],"class_list":{"0":"post-35720","1":"product","2":"type-product","3":"status-publish","4":"has-post-thumbnail","6":"product_cat-hombre_textil_camisetas","7":"product_tag-reebok","8":"pa_color-unico","9":"pa_talla-xl","10":"thunk-woo-product-list","11":"opn-qv-enable","12":"open-woo-hover-","13":"open-single-product-tab-horizontal","14":"open-shadow-","15":"open-shadow-hover-","17":"first","18":"instock","19":"shipping-taxable","20":"purchasable","21":"product-type-variable"},"jetpack_sharing_enabled":true,"_links":{"self":[{"href":"https:\/\/www.deporteseli.com\/index.php?rest_route=\/wp\/v2\/product\/35720","targetHints":{"allow":["GET"]}}],"collection":[{"href":"https:\/\/www.deporteseli.com\/index.php?rest_route=\/wp\/v2\/product"}],"about":[{"href":"https:\/\/www.deporteseli.com\/index.php?rest_route=\/wp\/v2\/types\/product"}],"wp:featuredmedia":[{"embeddable":true,"href":"https:\/\/www.deporteseli.com\/index.php?rest_route=\/wp\/v2\/media\/50373"}],"wp:attachment":[{"href":"https:\/\/www.deporteseli.com\/index.php?rest_route=%2Fwp%2Fv2%2Fmedia&parent=35720"}],"wp:term":[{"taxonomy":"product_brand","embeddable":true,"href":"https:\/\/www.deporteseli.com\/index.php?rest_route=%2Fwp%2Fv2%2Fproduct_brand&post=35720"},{"taxonomy":"product_cat","embeddable":true,"href":"https:\/\/www.deporteseli.com\/index.php?rest_route=%2Fwp%2Fv2%2Fproduct_cat&post=35720"},{"taxonomy":"product_tag","embeddable":true,"href":"https:\/\/www.deporteseli.com\/index.php?rest_route=%2Fwp%2Fv2%2Fproduct_tag&post=35720"}],"curies":[{"name":"wp","href":"https:\/\/api.w.org\/{rel}","templated":true}]}}