{"id":35710,"date":"2026-01-27T16:55:35","date_gmt":"2026-01-27T16:55:35","guid":{"rendered":"https:\/\/www.deporteseli.com\/?product=short-ellesse-tang-white"},"modified":"2026-01-27T16:55:39","modified_gmt":"2026-01-27T16:55:39","slug":"short-ellesse-tang-white","status":"publish","type":"product","link":"https:\/\/www.deporteseli.com\/?product=short-ellesse-tang-white","title":{"rendered":"SHORT ELLESSE TANG WHITE"},"content":{"rendered":"<p>Pantal\u00f3n corto con cintura el\u00e1stica, cord\u00f3n y bolsillos laterales.  Composici\u00f3n: 80% COT, 20% PES                                                                                                                                                                                                                                                                                                                                                                                                                                                                                                                                                                                                                                                                                                                                                                                                                                                                                                                                                                                                                                        <\/p>\n","protected":false},"excerpt":{"rendered":"<p>SHORT ELLESSE TANG WHITE<\/p>\n","protected":false},"featured_media":50366,"template":"","meta":[],"product_brand":[],"product_cat":[277],"product_tag":[52],"class_list":{"0":"post-35710","1":"product","2":"type-product","3":"status-publish","4":"has-post-thumbnail","6":"product_cat-mujer_textil_shorts","7":"product_tag-ellesse","8":"pa_color-unico","9":"pa_talla-s","10":"pa_talla-xs","11":"thunk-woo-product-list","12":"opn-qv-enable","13":"open-woo-hover-","14":"open-single-product-tab-horizontal","15":"open-shadow-","16":"open-shadow-hover-","18":"first","19":"instock","20":"shipping-taxable","21":"purchasable","22":"product-type-variable"},"jetpack_sharing_enabled":true,"_links":{"self":[{"href":"https:\/\/www.deporteseli.com\/index.php?rest_route=\/wp\/v2\/product\/35710","targetHints":{"allow":["GET"]}}],"collection":[{"href":"https:\/\/www.deporteseli.com\/index.php?rest_route=\/wp\/v2\/product"}],"about":[{"href":"https:\/\/www.deporteseli.com\/index.php?rest_route=\/wp\/v2\/types\/product"}],"wp:featuredmedia":[{"embeddable":true,"href":"https:\/\/www.deporteseli.com\/index.php?rest_route=\/wp\/v2\/media\/50366"}],"wp:attachment":[{"href":"https:\/\/www.deporteseli.com\/index.php?rest_route=%2Fwp%2Fv2%2Fmedia&parent=35710"}],"wp:term":[{"taxonomy":"product_brand","embeddable":true,"href":"https:\/\/www.deporteseli.com\/index.php?rest_route=%2Fwp%2Fv2%2Fproduct_brand&post=35710"},{"taxonomy":"product_cat","embeddable":true,"href":"https:\/\/www.deporteseli.com\/index.php?rest_route=%2Fwp%2Fv2%2Fproduct_cat&post=35710"},{"taxonomy":"product_tag","embeddable":true,"href":"https:\/\/www.deporteseli.com\/index.php?rest_route=%2Fwp%2Fv2%2Fproduct_tag&post=35710"}],"curies":[{"name":"wp","href":"https:\/\/api.w.org\/{rel}","templated":true}]}}