{"id":35707,"date":"2026-01-27T16:55:30","date_gmt":"2026-01-27T16:55:30","guid":{"rendered":"https:\/\/www.deporteseli.com\/?product=short-ellesse-tang-black"},"modified":"2026-01-27T16:55:34","modified_gmt":"2026-01-27T16:55:34","slug":"short-ellesse-tang-black","status":"publish","type":"product","link":"https:\/\/www.deporteseli.com\/?product=short-ellesse-tang-black","title":{"rendered":"SHORT ELLESSE TANG BLACK"},"content":{"rendered":"<p>Tang Shorts  Art\u00edculo n\u00ba: SGI11073  COMPOSICI\u00d3N   80% Algod\u00f3n, 20% Poli\u00e9ster  LAVADO   Leer la etiqueta de producto.                                                                                                                                                                                                                                                                                                                                                                                                                                                                                                                                                                                                                                                                                                                                                                                                                                                                                                                                                                                                                                        <\/p>\n","protected":false},"excerpt":{"rendered":"<p>SHORT ELLESSE TANG BLACK<\/p>\n","protected":false},"featured_media":50364,"template":"","meta":[],"product_brand":[],"product_cat":[277],"product_tag":[52],"class_list":{"0":"post-35707","1":"product","2":"type-product","3":"status-publish","4":"has-post-thumbnail","6":"product_cat-mujer_textil_shorts","7":"product_tag-ellesse","8":"pa_color-unico","9":"pa_talla-m","10":"pa_talla-s","11":"thunk-woo-product-list","12":"opn-qv-enable","13":"open-woo-hover-","14":"open-single-product-tab-horizontal","15":"open-shadow-","16":"open-shadow-hover-","18":"first","19":"instock","20":"shipping-taxable","21":"purchasable","22":"product-type-variable"},"jetpack_sharing_enabled":true,"_links":{"self":[{"href":"https:\/\/www.deporteseli.com\/index.php?rest_route=\/wp\/v2\/product\/35707","targetHints":{"allow":["GET"]}}],"collection":[{"href":"https:\/\/www.deporteseli.com\/index.php?rest_route=\/wp\/v2\/product"}],"about":[{"href":"https:\/\/www.deporteseli.com\/index.php?rest_route=\/wp\/v2\/types\/product"}],"wp:featuredmedia":[{"embeddable":true,"href":"https:\/\/www.deporteseli.com\/index.php?rest_route=\/wp\/v2\/media\/50364"}],"wp:attachment":[{"href":"https:\/\/www.deporteseli.com\/index.php?rest_route=%2Fwp%2Fv2%2Fmedia&parent=35707"}],"wp:term":[{"taxonomy":"product_brand","embeddable":true,"href":"https:\/\/www.deporteseli.com\/index.php?rest_route=%2Fwp%2Fv2%2Fproduct_brand&post=35707"},{"taxonomy":"product_cat","embeddable":true,"href":"https:\/\/www.deporteseli.com\/index.php?rest_route=%2Fwp%2Fv2%2Fproduct_cat&post=35707"},{"taxonomy":"product_tag","embeddable":true,"href":"https:\/\/www.deporteseli.com\/index.php?rest_route=%2Fwp%2Fv2%2Fproduct_tag&post=35707"}],"curies":[{"name":"wp","href":"https:\/\/api.w.org\/{rel}","templated":true}]}}