{"id":35705,"date":"2026-01-27T16:55:26","date_gmt":"2026-01-27T16:55:26","guid":{"rendered":"https:\/\/www.deporteseli.com\/?product=sombrero-ellesse-lorenzo-white"},"modified":"2026-01-27T16:55:29","modified_gmt":"2026-01-27T16:55:29","slug":"sombrero-ellesse-lorenzo-white","status":"publish","type":"product","link":"https:\/\/www.deporteseli.com\/?product=sombrero-ellesse-lorenzo-white","title":{"rendered":"SOMBRERO ELLESSE LORENZO WHITE"},"content":{"rendered":"<p>Lorenzo Bucket Hat  Art\u00edculo n\u00ba: SAAA0839  Manten la cabeza cubierta y c\u00f3moda. Hemos abordado la tendencia monocrom\u00e1tica con fuerza con esta pieza inspirada en los a\u00f1os 80.    COMPOSICI\u00d3N   100% Algod\u00f3n  LAVADO   Leer la etiqueta de producto.                                                                                                                                                                                                                                                                                                                                                                                                                                                                                                                                                                                                                                                                                                                                                                                                                                                                                                                                                                                                                                        <\/p>\n","protected":false},"excerpt":{"rendered":"<p>SOMBRERO ELLESSE LORENZO WHITE<\/p>\n","protected":false},"featured_media":50362,"template":"","meta":[],"product_brand":[],"product_cat":[399],"product_tag":[52],"class_list":{"0":"post-35705","1":"product","2":"type-product","3":"status-publish","4":"has-post-thumbnail","6":"product_cat-accesorios_gorras","7":"product_tag-ellesse","8":"pa_color-unico","9":"pa_talla-unica","10":"thunk-woo-product-list","11":"opn-qv-enable","12":"open-woo-hover-","13":"open-single-product-tab-horizontal","14":"open-shadow-","15":"open-shadow-hover-","17":"first","18":"instock","19":"shipping-taxable","20":"purchasable","21":"product-type-variable"},"jetpack_sharing_enabled":true,"_links":{"self":[{"href":"https:\/\/www.deporteseli.com\/index.php?rest_route=\/wp\/v2\/product\/35705","targetHints":{"allow":["GET"]}}],"collection":[{"href":"https:\/\/www.deporteseli.com\/index.php?rest_route=\/wp\/v2\/product"}],"about":[{"href":"https:\/\/www.deporteseli.com\/index.php?rest_route=\/wp\/v2\/types\/product"}],"wp:featuredmedia":[{"embeddable":true,"href":"https:\/\/www.deporteseli.com\/index.php?rest_route=\/wp\/v2\/media\/50362"}],"wp:attachment":[{"href":"https:\/\/www.deporteseli.com\/index.php?rest_route=%2Fwp%2Fv2%2Fmedia&parent=35705"}],"wp:term":[{"taxonomy":"product_brand","embeddable":true,"href":"https:\/\/www.deporteseli.com\/index.php?rest_route=%2Fwp%2Fv2%2Fproduct_brand&post=35705"},{"taxonomy":"product_cat","embeddable":true,"href":"https:\/\/www.deporteseli.com\/index.php?rest_route=%2Fwp%2Fv2%2Fproduct_cat&post=35705"},{"taxonomy":"product_tag","embeddable":true,"href":"https:\/\/www.deporteseli.com\/index.php?rest_route=%2Fwp%2Fv2%2Fproduct_tag&post=35705"}],"curies":[{"name":"wp","href":"https:\/\/api.w.org\/{rel}","templated":true}]}}