{"id":35698,"date":"2026-01-27T16:55:17","date_gmt":"2026-01-27T16:55:17","guid":{"rendered":"https:\/\/www.deporteseli.com\/?product=camiseta-adidas-designed-to-move"},"modified":"2026-01-27T16:55:20","modified_gmt":"2026-01-27T16:55:20","slug":"camiseta-adidas-designed-to-move","status":"publish","type":"product","link":"https:\/\/www.deporteseli.com\/?product=camiseta-adidas-designed-to-move","title":{"rendered":"CAMISETA ADIDAS DESIGNED TO MOVE"},"content":{"rendered":"<p>ESTILO Y COMODIDAD PARA TU D\u00cdA A D\u00cdA  Si siempre est\u00e1s preparada para lo que se te ponga por delante, tu armario tambi\u00e9n debe estarlo. Esta camiseta para j\u00f3venes con estilo se ha confeccionado en tejido AEROREADY que mantiene la piel seca. El logotipo de adidas le da un toque deportivo a esta prenda de moda urbana.    Este producto se ha fabricado con Primegreen, una combinaci\u00f3n de materiales reciclados de alto rendimiento.  DETALLES  Corte cl\u00e1sico  Cuello redondo  Parte frontal: Interlock 100% poli\u00e9ster reciclado  Espalda: punto doble 100% poli\u00e9ster reciclado  Manga corta  Primegreen  Color del art\u00edculo: Hazy Rose \/ Crew Navy  N\u00famero de art\u00edculo: GN1441                                                                                                                                                                                                                                                                                                                                                                                                                                                                                                                                                                                                                                                                                                                                                                                                                                                                                                                                                                                                                                        <\/p>\n","protected":false},"excerpt":{"rendered":"<p>CAMISETA ADIDAS DESIGNED TO MOVE<\/p>\n","protected":false},"featured_media":50355,"template":"","meta":[],"product_brand":[],"product_cat":[376],"product_tag":[18],"class_list":{"0":"post-35698","1":"product","2":"type-product","3":"status-publish","4":"has-post-thumbnail","6":"product_cat-ninas_textil_camisetas","7":"product_tag-adidas","8":"pa_color-unico","9":"pa_talla-t-12","10":"pa_talla-t-16","11":"thunk-woo-product-list","12":"opn-qv-enable","13":"open-woo-hover-","14":"open-single-product-tab-horizontal","15":"open-shadow-","16":"open-shadow-hover-","18":"first","19":"instock","20":"shipping-taxable","21":"purchasable","22":"product-type-variable"},"jetpack_sharing_enabled":true,"_links":{"self":[{"href":"https:\/\/www.deporteseli.com\/index.php?rest_route=\/wp\/v2\/product\/35698","targetHints":{"allow":["GET"]}}],"collection":[{"href":"https:\/\/www.deporteseli.com\/index.php?rest_route=\/wp\/v2\/product"}],"about":[{"href":"https:\/\/www.deporteseli.com\/index.php?rest_route=\/wp\/v2\/types\/product"}],"wp:featuredmedia":[{"embeddable":true,"href":"https:\/\/www.deporteseli.com\/index.php?rest_route=\/wp\/v2\/media\/50355"}],"wp:attachment":[{"href":"https:\/\/www.deporteseli.com\/index.php?rest_route=%2Fwp%2Fv2%2Fmedia&parent=35698"}],"wp:term":[{"taxonomy":"product_brand","embeddable":true,"href":"https:\/\/www.deporteseli.com\/index.php?rest_route=%2Fwp%2Fv2%2Fproduct_brand&post=35698"},{"taxonomy":"product_cat","embeddable":true,"href":"https:\/\/www.deporteseli.com\/index.php?rest_route=%2Fwp%2Fv2%2Fproduct_cat&post=35698"},{"taxonomy":"product_tag","embeddable":true,"href":"https:\/\/www.deporteseli.com\/index.php?rest_route=%2Fwp%2Fv2%2Fproduct_tag&post=35698"}],"curies":[{"name":"wp","href":"https:\/\/api.w.org\/{rel}","templated":true}]}}