{"id":35692,"date":"2026-01-27T16:55:09","date_gmt":"2026-01-27T16:55:09","guid":{"rendered":"https:\/\/www.deporteseli.com\/?product=adidas-short-de-bano-solido-m-gq1082"},"modified":"2026-04-14T04:17:22","modified_gmt":"2026-04-14T04:17:22","slug":"adidas-short-de-bano-solido-m-gq1082","status":"publish","type":"product","link":"https:\/\/www.deporteseli.com\/?product=adidas-short-de-bano-solido-m-gq1082","title":{"rendered":"ADIDAS SHORT DE BA\u00f1O S\u00f3LIDO M GQ1082"},"content":{"rendered":"<p>Propiedades:    Los shorts de ba\u00f1o para hombre de adidas demostrar\u00e1n su val\u00eda en todas las actividades de playa.  kr  tejido duradero con propiedades de secado r\u00e1pido  forro interior de malla  bolsillos laterales y cinturilla el\u00e1stica con cord\u00f3n. Primegreen  acabado repelente al agua que no contiene perfluorocarbono  Material:    poli\u00e9ster  Color:    azul                                                                                                                                                                                                                                                                                                                                                                                                                                                                                                                                                                                                                                                                                                                                                                                                                                                                                                                                                                                                                                        <\/p>\n","protected":false},"excerpt":{"rendered":"<p>ADIDAS SHORT DE BA\u00f1O S\u00f3LIDO M GQ1082<\/p>\n","protected":false},"featured_media":50349,"template":"","meta":[],"product_brand":[],"product_cat":[246],"product_tag":[18],"class_list":{"0":"post-35692","1":"product","2":"type-product","3":"status-publish","4":"has-post-thumbnail","6":"product_cat-hombre_textil_banadores","7":"product_tag-adidas","8":"pa_color-unico","9":"pa_talla-l","10":"pa_talla-m","11":"thunk-woo-product-list","12":"opn-qv-enable","13":"open-woo-hover-","14":"open-single-product-tab-horizontal","15":"open-shadow-","16":"open-shadow-hover-","18":"first","19":"instock","20":"shipping-taxable","21":"purchasable","22":"product-type-variable"},"jetpack_sharing_enabled":true,"_links":{"self":[{"href":"https:\/\/www.deporteseli.com\/index.php?rest_route=\/wp\/v2\/product\/35692","targetHints":{"allow":["GET"]}}],"collection":[{"href":"https:\/\/www.deporteseli.com\/index.php?rest_route=\/wp\/v2\/product"}],"about":[{"href":"https:\/\/www.deporteseli.com\/index.php?rest_route=\/wp\/v2\/types\/product"}],"wp:featuredmedia":[{"embeddable":true,"href":"https:\/\/www.deporteseli.com\/index.php?rest_route=\/wp\/v2\/media\/50349"}],"wp:attachment":[{"href":"https:\/\/www.deporteseli.com\/index.php?rest_route=%2Fwp%2Fv2%2Fmedia&parent=35692"}],"wp:term":[{"taxonomy":"product_brand","embeddable":true,"href":"https:\/\/www.deporteseli.com\/index.php?rest_route=%2Fwp%2Fv2%2Fproduct_brand&post=35692"},{"taxonomy":"product_cat","embeddable":true,"href":"https:\/\/www.deporteseli.com\/index.php?rest_route=%2Fwp%2Fv2%2Fproduct_cat&post=35692"},{"taxonomy":"product_tag","embeddable":true,"href":"https:\/\/www.deporteseli.com\/index.php?rest_route=%2Fwp%2Fv2%2Fproduct_tag&post=35692"}],"curies":[{"name":"wp","href":"https:\/\/api.w.org\/{rel}","templated":true}]}}