{"id":35686,"date":"2026-01-27T16:55:01","date_gmt":"2026-01-27T16:55:01","guid":{"rendered":"https:\/\/www.deporteseli.com\/?product=pantalon-corto-aeroready-essentials-chelsea-l"},"modified":"2026-01-27T16:55:03","modified_gmt":"2026-01-27T16:55:03","slug":"pantalon-corto-aeroready-essentials-chelsea-l","status":"publish","type":"product","link":"https:\/\/www.deporteseli.com\/?product=pantalon-corto-aeroready-essentials-chelsea-l","title":{"rendered":"PANTAL\u00f3N CORTO AEROREADY ESSENTIALS CHELSEA L"},"content":{"rendered":"<p>CONQUISTA EL ASFALTO  Adaptado a tu ritmo de vida. Este pantal\u00f3n corto presenta un dise\u00f1o sencillo y minimalista confeccionado en tejido transpirable AEROREADY que mantiene la piel c\u00f3moda y seca. Ajusta el cord\u00f3n de la cintura, guarda el tel\u00e9fono, las llaves y la cartera en los bolsillos laterales y sal a la calle.    Este producto se ha fabricado con Primegreen, una combinaci\u00f3n de materiales reciclados de alto rendimiento.                                                                                                                                                                                                                                                                                                                                                                                                                                                                                                                                                                                                                                                                                                                                                                                                                                                                                                                                                                                                                                        <\/p>\n","protected":false},"excerpt":{"rendered":"<p>PANTAL\u00f3N CORTO AEROREADY ESSENTIALS CHELSEA L<\/p>\n","protected":false},"featured_media":50343,"template":"","meta":[],"product_brand":[],"product_cat":[251],"product_tag":[18],"class_list":{"0":"post-35686","1":"product","2":"type-product","3":"status-publish","4":"has-post-thumbnail","6":"product_cat-hombre_textil_shorts","7":"product_tag-adidas","8":"pa_color-unico","9":"pa_talla-l","10":"thunk-woo-product-list","11":"opn-qv-enable","12":"open-woo-hover-","13":"open-single-product-tab-horizontal","14":"open-shadow-","15":"open-shadow-hover-","17":"first","18":"instock","19":"shipping-taxable","20":"purchasable","21":"product-type-variable"},"jetpack_sharing_enabled":true,"_links":{"self":[{"href":"https:\/\/www.deporteseli.com\/index.php?rest_route=\/wp\/v2\/product\/35686","targetHints":{"allow":["GET"]}}],"collection":[{"href":"https:\/\/www.deporteseli.com\/index.php?rest_route=\/wp\/v2\/product"}],"about":[{"href":"https:\/\/www.deporteseli.com\/index.php?rest_route=\/wp\/v2\/types\/product"}],"wp:featuredmedia":[{"embeddable":true,"href":"https:\/\/www.deporteseli.com\/index.php?rest_route=\/wp\/v2\/media\/50343"}],"wp:attachment":[{"href":"https:\/\/www.deporteseli.com\/index.php?rest_route=%2Fwp%2Fv2%2Fmedia&parent=35686"}],"wp:term":[{"taxonomy":"product_brand","embeddable":true,"href":"https:\/\/www.deporteseli.com\/index.php?rest_route=%2Fwp%2Fv2%2Fproduct_brand&post=35686"},{"taxonomy":"product_cat","embeddable":true,"href":"https:\/\/www.deporteseli.com\/index.php?rest_route=%2Fwp%2Fv2%2Fproduct_cat&post=35686"},{"taxonomy":"product_tag","embeddable":true,"href":"https:\/\/www.deporteseli.com\/index.php?rest_route=%2Fwp%2Fv2%2Fproduct_tag&post=35686"}],"curies":[{"name":"wp","href":"https:\/\/api.w.org\/{rel}","templated":true}]}}