{"id":35684,"date":"2026-01-27T16:54:55","date_gmt":"2026-01-27T16:54:55","guid":{"rendered":"https:\/\/www.deporteseli.com\/?product=nike-calcetines-3p-black-sx4926-101"},"modified":"2026-01-27T16:54:57","modified_gmt":"2026-01-27T16:54:57","slug":"nike-calcetines-3p-black-sx4926-101","status":"publish","type":"product","link":"https:\/\/www.deporteseli.com\/?product=nike-calcetines-3p-black-sx4926-101","title":{"rendered":"NIKE CALCETINES 3P BLACK SX4926-101"},"content":{"rendered":"<p>COMODIDAD CON CAPILARIZACI\u00d3N DEL SUDOR.  Dalo todo en los entrenamientos con los calcetines Nike Everyday Lightweight. Los hilos suaves con tecnolog\u00eda de capilarizaci\u00f3n del sudor mantienen la comodidad y la transpirabilidad.  Ventajas  Tecnolog\u00eda Dri-FIT para mantener la transpirabilidad y la comodidad.  Parte superior el\u00e1stica para mantener los calcetines en su sitio.  Banda en el puente del pie para una mayor sujeci\u00f3n.  Detalles del producto  Tejido: Liso: 61 % algod\u00f3n\/36 % poli\u00e9ster\/3 % spandex. Jaspeado: 58 % algod\u00f3n\/40 % poli\u00e9ster\/2 % spandex.  Lavar a m\u00e1quina  De importaci\u00f3n  Color mostrado: Blanco  Modelo: SX7677-101                                                                                                                                                                                                                                                                                                                                                                                                                                                                                                                                                                                                                                                                                                                                                                                                                                                                                                                                                                                                                                        <\/p>\n","protected":false},"excerpt":{"rendered":"<p>NIKE CALCETINES 3P BLACK SX4926-101<\/p>\n","protected":false},"featured_media":50340,"template":"","meta":[],"product_brand":[],"product_cat":[400],"product_tag":[37],"class_list":{"0":"post-35684","1":"product","2":"type-product","3":"status-publish","4":"has-post-thumbnail","6":"product_cat-accesorios_calcetines","7":"product_tag-nike","8":"pa_color-unico","9":"pa_talla-39-42","10":"thunk-woo-product-list","11":"opn-qv-enable","12":"open-woo-hover-","13":"open-single-product-tab-horizontal","14":"open-shadow-","15":"open-shadow-hover-","17":"first","18":"instock","19":"shipping-taxable","20":"purchasable","21":"product-type-variable"},"jetpack_sharing_enabled":true,"_links":{"self":[{"href":"https:\/\/www.deporteseli.com\/index.php?rest_route=\/wp\/v2\/product\/35684","targetHints":{"allow":["GET"]}}],"collection":[{"href":"https:\/\/www.deporteseli.com\/index.php?rest_route=\/wp\/v2\/product"}],"about":[{"href":"https:\/\/www.deporteseli.com\/index.php?rest_route=\/wp\/v2\/types\/product"}],"wp:featuredmedia":[{"embeddable":true,"href":"https:\/\/www.deporteseli.com\/index.php?rest_route=\/wp\/v2\/media\/50340"}],"wp:attachment":[{"href":"https:\/\/www.deporteseli.com\/index.php?rest_route=%2Fwp%2Fv2%2Fmedia&parent=35684"}],"wp:term":[{"taxonomy":"product_brand","embeddable":true,"href":"https:\/\/www.deporteseli.com\/index.php?rest_route=%2Fwp%2Fv2%2Fproduct_brand&post=35684"},{"taxonomy":"product_cat","embeddable":true,"href":"https:\/\/www.deporteseli.com\/index.php?rest_route=%2Fwp%2Fv2%2Fproduct_cat&post=35684"},{"taxonomy":"product_tag","embeddable":true,"href":"https:\/\/www.deporteseli.com\/index.php?rest_route=%2Fwp%2Fv2%2Fproduct_tag&post=35684"}],"curies":[{"name":"wp","href":"https:\/\/api.w.org\/{rel}","templated":true}]}}