{"id":35680,"date":"2026-01-27T16:54:50","date_gmt":"2026-01-27T16:54:50","guid":{"rendered":"https:\/\/www.deporteseli.com\/?product=nike-calcetines-3p-black-sx4926-001"},"modified":"2026-01-27T16:54:54","modified_gmt":"2026-01-27T16:54:54","slug":"nike-calcetines-3p-black-sx4926-001","status":"publish","type":"product","link":"https:\/\/www.deporteseli.com\/?product=nike-calcetines-3p-black-sx4926-001","title":{"rendered":"NIKE CALCETINES 3P BLACK SX4926-001"},"content":{"rendered":"<p>COMODIDAD CON CAPILARIZACI\u00d3N DEL SUDOR.      Dalo todo en los entrenamientos con los calcetines Nike Everyday Lightweight. Los hilos suaves con tecnolog\u00eda de capilarizaci\u00f3n del sudor mantienen la comodidad y la transpirabilidad.      Ventajas    Tecnolog\u00eda Dri-FIT para mantener la transpirabilidad y la comodidad.  Parte superior el\u00e1stica para mantener los calcetines en su sitio.  Banda en el puente del pie para una mayor sujeci\u00f3n.    Detalles del producto    Tejido: Liso: 61 % algod\u00f3n\/36 % poli\u00e9ster\/3 % spandex. Jaspeado: 58 % algod\u00f3n\/40 % poli\u00e9ster\/2 % spandex.  Lavar a m\u00e1quina  De importaci\u00f3n  Color mostrado: Negro\/Blanco  Modelo: SX7677-010                                                                                                                                                                                                                                                                                                                                                                                                                                                                                                                                                                                                                                                                                                                                                                                                                                                                                                                                                                                                                                        <\/p>\n","protected":false},"excerpt":{"rendered":"<p>NIKE CALCETINES 3P BLACK SX4926-001<\/p>\n","protected":false},"featured_media":50339,"template":"","meta":[],"product_brand":[],"product_cat":[400],"product_tag":[37],"class_list":{"0":"post-35680","1":"product","2":"type-product","3":"status-publish","4":"has-post-thumbnail","6":"product_cat-accesorios_calcetines","7":"product_tag-nike","8":"pa_color-unico","9":"pa_talla-35-38","10":"pa_talla-39-42","11":"pa_talla-43-46","12":"thunk-woo-product-list","13":"opn-qv-enable","14":"open-woo-hover-","15":"open-single-product-tab-horizontal","16":"open-shadow-","17":"open-shadow-hover-","19":"first","20":"instock","21":"shipping-taxable","22":"purchasable","23":"product-type-variable"},"jetpack_sharing_enabled":true,"_links":{"self":[{"href":"https:\/\/www.deporteseli.com\/index.php?rest_route=\/wp\/v2\/product\/35680","targetHints":{"allow":["GET"]}}],"collection":[{"href":"https:\/\/www.deporteseli.com\/index.php?rest_route=\/wp\/v2\/product"}],"about":[{"href":"https:\/\/www.deporteseli.com\/index.php?rest_route=\/wp\/v2\/types\/product"}],"wp:featuredmedia":[{"embeddable":true,"href":"https:\/\/www.deporteseli.com\/index.php?rest_route=\/wp\/v2\/media\/50339"}],"wp:attachment":[{"href":"https:\/\/www.deporteseli.com\/index.php?rest_route=%2Fwp%2Fv2%2Fmedia&parent=35680"}],"wp:term":[{"taxonomy":"product_brand","embeddable":true,"href":"https:\/\/www.deporteseli.com\/index.php?rest_route=%2Fwp%2Fv2%2Fproduct_brand&post=35680"},{"taxonomy":"product_cat","embeddable":true,"href":"https:\/\/www.deporteseli.com\/index.php?rest_route=%2Fwp%2Fv2%2Fproduct_cat&post=35680"},{"taxonomy":"product_tag","embeddable":true,"href":"https:\/\/www.deporteseli.com\/index.php?rest_route=%2Fwp%2Fv2%2Fproduct_tag&post=35680"}],"curies":[{"name":"wp","href":"https:\/\/api.w.org\/{rel}","templated":true}]}}