{"id":35678,"date":"2026-01-27T16:54:47","date_gmt":"2026-01-27T16:54:47","guid":{"rendered":"https:\/\/www.deporteseli.com\/?product=nike-calcetin-pack-3-unisex"},"modified":"2026-01-27T16:54:50","modified_gmt":"2026-01-27T16:54:50","slug":"nike-calcetin-pack-3-unisex","status":"publish","type":"product","link":"https:\/\/www.deporteseli.com\/?product=nike-calcetin-pack-3-unisex","title":{"rendered":"NIKE CALCETIN PACK 3 UNISEX"},"content":{"rendered":"<p>Presentamos una nueva versi\u00f3n de ejecuci\u00f3n progresiva de PUMA Wired que parece nueva pero se siente familiar. El prop\u00f3sito de PUMA Wired Run es ser una \u201ccubierta para los pies\u201d c\u00f3moda y sin esfuerzo, incorporada en la rotaci\u00f3n diaria de aquellos que buscan generar un impacto sin causar impacto. Los ajustes de las formas y proporciones alinean este estilo con las expectativas de los consumidores Core m\u00e1s j\u00f3venes. La parte superior nuevamente presenta una combinaci\u00f3n de una construcci\u00f3n de zapatillas de correr progresiva con detalles modernos y actualizada de una manera inteligente, adecuada para una iteraci\u00f3n de carrera. La entresuela de EVA suave proporciona un aspecto org\u00e1nico que incluye una l\u00ednea superior exagerada y con una suela de goma fina.                                                                                                                                                                                                                                                                                                                                                                                                                                                                                                                                                                                                                                                                                                                                                                                                                                                                                                                                                                                                                                        <\/p>\n","protected":false},"excerpt":{"rendered":"<p>NIKE CALCETIN PACK 3 UNISEX<\/p>\n","protected":false},"featured_media":50337,"template":"","meta":[],"product_brand":[],"product_cat":[400],"product_tag":[37],"class_list":{"0":"post-35678","1":"product","2":"type-product","3":"status-publish","4":"has-post-thumbnail","6":"product_cat-accesorios_calcetines","7":"product_tag-nike","8":"pa_color-unico","9":"pa_talla-35-38","10":"thunk-woo-product-list","11":"opn-qv-enable","12":"open-woo-hover-","13":"open-single-product-tab-horizontal","14":"open-shadow-","15":"open-shadow-hover-","17":"first","18":"instock","19":"shipping-taxable","20":"purchasable","21":"product-type-variable"},"jetpack_sharing_enabled":true,"_links":{"self":[{"href":"https:\/\/www.deporteseli.com\/index.php?rest_route=\/wp\/v2\/product\/35678","targetHints":{"allow":["GET"]}}],"collection":[{"href":"https:\/\/www.deporteseli.com\/index.php?rest_route=\/wp\/v2\/product"}],"about":[{"href":"https:\/\/www.deporteseli.com\/index.php?rest_route=\/wp\/v2\/types\/product"}],"wp:featuredmedia":[{"embeddable":true,"href":"https:\/\/www.deporteseli.com\/index.php?rest_route=\/wp\/v2\/media\/50337"}],"wp:attachment":[{"href":"https:\/\/www.deporteseli.com\/index.php?rest_route=%2Fwp%2Fv2%2Fmedia&parent=35678"}],"wp:term":[{"taxonomy":"product_brand","embeddable":true,"href":"https:\/\/www.deporteseli.com\/index.php?rest_route=%2Fwp%2Fv2%2Fproduct_brand&post=35678"},{"taxonomy":"product_cat","embeddable":true,"href":"https:\/\/www.deporteseli.com\/index.php?rest_route=%2Fwp%2Fv2%2Fproduct_cat&post=35678"},{"taxonomy":"product_tag","embeddable":true,"href":"https:\/\/www.deporteseli.com\/index.php?rest_route=%2Fwp%2Fv2%2Fproduct_tag&post=35678"}],"curies":[{"name":"wp","href":"https:\/\/api.w.org\/{rel}","templated":true}]}}