{"id":35669,"date":"2026-01-27T16:54:34","date_gmt":"2026-01-27T16:54:34","guid":{"rendered":"https:\/\/www.deporteseli.com\/?product=paletero-wilson-wr8900001001"},"modified":"2026-01-27T16:54:36","modified_gmt":"2026-01-27T16:54:36","slug":"paletero-wilson-wr8900001001","status":"publish","type":"product","link":"https:\/\/www.deporteseli.com\/?product=paletero-wilson-wr8900001001","title":{"rendered":"PALETERO WILSON WR8900001001"},"content":{"rendered":"<p>Mejora tu equipo de p\u00e1del con una de las mejores bolsas de p\u00e1del del mercado, la bolsa de p\u00e1del Super Tour de Wilson. Esta bolsa, que cuenta con espacio m\u00e1s que suficiente para guardar hasta seis palas y una gran variedad de bolsillos adicionales para accesorios m\u00e1s peque\u00f1os y efectos personales, pone el \u00e9nfasis claramente en la calidad y la funcionalidad sin renunciar al estilo. La bolsa tambi\u00e9n incluye un sistema divisor interno extra\u00edble que ayuda a organizar el contenido.                                                                                                                                                                                                                                                                                                                                                                                                                                                                                                                                                                                                                                                                                                                                                                                                                                                                                                                                                                                                                                        <\/p>\n","protected":false},"excerpt":{"rendered":"<p>PALETERO WILSON WR8900001001<\/p>\n","protected":false},"featured_media":50329,"template":"","meta":[],"product_brand":[],"product_cat":[354],"product_tag":[57],"class_list":{"0":"post-35669","1":"product","2":"type-product","3":"status-publish","4":"has-post-thumbnail","6":"product_cat-padel_y_tenis_paleteros","7":"product_tag-wilson","8":"pa_color-unico","9":"pa_talla-unica","10":"thunk-woo-product-list","11":"opn-qv-enable","12":"open-woo-hover-","13":"open-single-product-tab-horizontal","14":"open-shadow-","15":"open-shadow-hover-","17":"first","18":"instock","19":"sale","20":"shipping-taxable","21":"purchasable","22":"product-type-variable"},"jetpack_sharing_enabled":true,"_links":{"self":[{"href":"https:\/\/www.deporteseli.com\/index.php?rest_route=\/wp\/v2\/product\/35669","targetHints":{"allow":["GET"]}}],"collection":[{"href":"https:\/\/www.deporteseli.com\/index.php?rest_route=\/wp\/v2\/product"}],"about":[{"href":"https:\/\/www.deporteseli.com\/index.php?rest_route=\/wp\/v2\/types\/product"}],"wp:featuredmedia":[{"embeddable":true,"href":"https:\/\/www.deporteseli.com\/index.php?rest_route=\/wp\/v2\/media\/50329"}],"wp:attachment":[{"href":"https:\/\/www.deporteseli.com\/index.php?rest_route=%2Fwp%2Fv2%2Fmedia&parent=35669"}],"wp:term":[{"taxonomy":"product_brand","embeddable":true,"href":"https:\/\/www.deporteseli.com\/index.php?rest_route=%2Fwp%2Fv2%2Fproduct_brand&post=35669"},{"taxonomy":"product_cat","embeddable":true,"href":"https:\/\/www.deporteseli.com\/index.php?rest_route=%2Fwp%2Fv2%2Fproduct_cat&post=35669"},{"taxonomy":"product_tag","embeddable":true,"href":"https:\/\/www.deporteseli.com\/index.php?rest_route=%2Fwp%2Fv2%2Fproduct_tag&post=35669"}],"curies":[{"name":"wp","href":"https:\/\/api.w.org\/{rel}","templated":true}]}}