{"id":35640,"date":"2026-01-27T16:53:54","date_gmt":"2026-01-27T16:53:54","guid":{"rendered":"https:\/\/www.deporteseli.com\/?product=short-puma-586895-51-21"},"modified":"2026-01-27T16:53:55","modified_gmt":"2026-01-27T16:53:55","slug":"short-puma-586895-51-21","status":"publish","type":"product","link":"https:\/\/www.deporteseli.com\/?product=short-puma-586895-51-21","title":{"rendered":"SHORT PUMA 586895-51\/21"},"content":{"rendered":"<p>Descripci\u00f3n  Confeccionadas con algod\u00f3n el\u00e1stico de la Better Cotton Initiative, estas mallas deportivas cortas tienen una cinturilla ancha y el\u00e1stica para darte un ajuste c\u00f3modo y favorec&#8230;   Style: 586895_51   COLOR: Puma Black-Silver                                                                                                                                                                                                                                                                                                                                                                                                                                                                                                                                                                                                                                                                                                                                                                                                                                                                                                                                                                                                                                        <\/p>\n","protected":false},"excerpt":{"rendered":"<p>SHORT PUMA 586895-51\/21<\/p>\n","protected":false},"featured_media":50314,"template":"","meta":[],"product_brand":[],"product_cat":[277],"product_tag":[32],"class_list":{"0":"post-35640","1":"product","2":"type-product","3":"status-publish","4":"has-post-thumbnail","6":"product_cat-mujer_textil_shorts","7":"product_tag-puma","8":"pa_color-unico","9":"pa_talla-s","10":"thunk-woo-product-list","11":"opn-qv-enable","12":"open-woo-hover-","13":"open-single-product-tab-horizontal","14":"open-shadow-","15":"open-shadow-hover-","17":"first","18":"instock","19":"shipping-taxable","20":"purchasable","21":"product-type-variable"},"jetpack_sharing_enabled":true,"_links":{"self":[{"href":"https:\/\/www.deporteseli.com\/index.php?rest_route=\/wp\/v2\/product\/35640","targetHints":{"allow":["GET"]}}],"collection":[{"href":"https:\/\/www.deporteseli.com\/index.php?rest_route=\/wp\/v2\/product"}],"about":[{"href":"https:\/\/www.deporteseli.com\/index.php?rest_route=\/wp\/v2\/types\/product"}],"wp:featuredmedia":[{"embeddable":true,"href":"https:\/\/www.deporteseli.com\/index.php?rest_route=\/wp\/v2\/media\/50314"}],"wp:attachment":[{"href":"https:\/\/www.deporteseli.com\/index.php?rest_route=%2Fwp%2Fv2%2Fmedia&parent=35640"}],"wp:term":[{"taxonomy":"product_brand","embeddable":true,"href":"https:\/\/www.deporteseli.com\/index.php?rest_route=%2Fwp%2Fv2%2Fproduct_brand&post=35640"},{"taxonomy":"product_cat","embeddable":true,"href":"https:\/\/www.deporteseli.com\/index.php?rest_route=%2Fwp%2Fv2%2Fproduct_cat&post=35640"},{"taxonomy":"product_tag","embeddable":true,"href":"https:\/\/www.deporteseli.com\/index.php?rest_route=%2Fwp%2Fv2%2Fproduct_tag&post=35640"}],"curies":[{"name":"wp","href":"https:\/\/api.w.org\/{rel}","templated":true}]}}