{"id":35632,"date":"2026-01-27T16:53:42","date_gmt":"2026-01-27T16:53:42","guid":{"rendered":"https:\/\/www.deporteseli.com\/?product=short-puma-586743-01-21"},"modified":"2026-01-27T16:53:47","modified_gmt":"2026-01-27T16:53:47","slug":"short-puma-586743-01-21","status":"publish","type":"product","link":"https:\/\/www.deporteseli.com\/?product=short-puma-586743-01-21","title":{"rendered":"SHORT PUMA 586743-01\/21"},"content":{"rendered":"<p>Ba\u00f1ador Puma con grafico  BA\u00d1ADOR ESS  SUMMER SHORTS GRAPHIC DE HOMBRE PARA ESTE VERANO. LA ROPA DEPORTIVA DE LA MARCA PUMA TIENE EQUIPACI\u00d3N ADECUADA PARA CADA DEPORTE, AUNANDO TECNOLOG\u00cdA Y COMODIDAD EN CADA PRENDA SIN DEJAR DE LADO EL ESTILO.    La tela de poliester con un tacto ligero, suavidad y rapido secado   Forro de malla interior que ofrece gran comodidad y transpirabilidad.  Cintura el\u00e1stica con cord\u00f3n para un ajuste c\u00f3modo y personalizado.  Bolsillos laterales y uno trasero para guardar objetos con total comodidad.                                                                                                                                                                                                                                                                                                                                                                                                                                                                                                                                                                                                                                                                                                                                                                                                                                                                                                                                                                                                                                        <\/p>\n","protected":false},"excerpt":{"rendered":"<p>SHORT PUMA 586743-01\/21<\/p>\n","protected":false},"featured_media":50311,"template":"","meta":[],"product_brand":[],"product_cat":[246],"product_tag":[32],"class_list":{"0":"post-35632","1":"product","2":"type-product","3":"status-publish","4":"has-post-thumbnail","6":"product_cat-hombre_textil_banadores","7":"product_tag-puma","8":"pa_color-unico","9":"pa_talla-l","10":"pa_talla-s","11":"pa_talla-xl","12":"thunk-woo-product-list","13":"opn-qv-enable","14":"open-woo-hover-","15":"open-single-product-tab-horizontal","16":"open-shadow-","17":"open-shadow-hover-","19":"first","20":"instock","21":"shipping-taxable","22":"purchasable","23":"product-type-variable"},"jetpack_sharing_enabled":true,"_links":{"self":[{"href":"https:\/\/www.deporteseli.com\/index.php?rest_route=\/wp\/v2\/product\/35632","targetHints":{"allow":["GET"]}}],"collection":[{"href":"https:\/\/www.deporteseli.com\/index.php?rest_route=\/wp\/v2\/product"}],"about":[{"href":"https:\/\/www.deporteseli.com\/index.php?rest_route=\/wp\/v2\/types\/product"}],"wp:featuredmedia":[{"embeddable":true,"href":"https:\/\/www.deporteseli.com\/index.php?rest_route=\/wp\/v2\/media\/50311"}],"wp:attachment":[{"href":"https:\/\/www.deporteseli.com\/index.php?rest_route=%2Fwp%2Fv2%2Fmedia&parent=35632"}],"wp:term":[{"taxonomy":"product_brand","embeddable":true,"href":"https:\/\/www.deporteseli.com\/index.php?rest_route=%2Fwp%2Fv2%2Fproduct_brand&post=35632"},{"taxonomy":"product_cat","embeddable":true,"href":"https:\/\/www.deporteseli.com\/index.php?rest_route=%2Fwp%2Fv2%2Fproduct_cat&post=35632"},{"taxonomy":"product_tag","embeddable":true,"href":"https:\/\/www.deporteseli.com\/index.php?rest_route=%2Fwp%2Fv2%2Fproduct_tag&post=35632"}],"curies":[{"name":"wp","href":"https:\/\/api.w.org\/{rel}","templated":true}]}}