{"id":35626,"date":"2026-01-27T16:53:32","date_gmt":"2026-01-27T16:53:32","guid":{"rendered":"https:\/\/www.deporteseli.com\/?product=malla-puma-586177-42-21"},"modified":"2026-01-27T16:53:42","modified_gmt":"2026-01-27T16:53:42","slug":"malla-puma-586177-42-21","status":"publish","type":"product","link":"https:\/\/www.deporteseli.com\/?product=malla-puma-586177-42-21","title":{"rendered":"MALLA PUMA 586177-42\/21"},"content":{"rendered":"<p>Caracter\u00edsticas: Aplicaci\u00f3n el\u00e1stica de     l\u00ednea estrecha  Hecho con  composici\u00f3n est\u00e1ndar OEKO-TEX 95% poli\u00e9ster reciclado, 5% elastano Instrucciones de cuidado: Lea y siga las instrucciones en la etiqueta del fabricante.                                                                                                                                                                                                                                                                                                                                                                                                                                                                                                                                                                                                                                                                                                                                                                                                                                                                                                                                                                                                                                        <\/p>\n","protected":false},"excerpt":{"rendered":"<p>MALLA PUMA 586177-42\/21<\/p>\n","protected":false},"featured_media":50310,"template":"","meta":[],"product_brand":[],"product_cat":[386],"product_tag":[32],"class_list":{"0":"post-35626","1":"product","2":"type-product","3":"status-publish","4":"has-post-thumbnail","6":"product_cat-ninas_textil_mallas","7":"product_tag-puma","8":"pa_color-unico","9":"pa_talla-t-12","10":"pa_talla-t-14","11":"pa_talla-t-16","12":"pa_talla-t-6","13":"pa_talla-t-8","14":"thunk-woo-product-list","15":"opn-qv-enable","16":"open-woo-hover-","17":"open-single-product-tab-horizontal","18":"open-shadow-","19":"open-shadow-hover-","21":"first","22":"instock","23":"shipping-taxable","24":"purchasable","25":"product-type-variable"},"jetpack_sharing_enabled":true,"_links":{"self":[{"href":"https:\/\/www.deporteseli.com\/index.php?rest_route=\/wp\/v2\/product\/35626","targetHints":{"allow":["GET"]}}],"collection":[{"href":"https:\/\/www.deporteseli.com\/index.php?rest_route=\/wp\/v2\/product"}],"about":[{"href":"https:\/\/www.deporteseli.com\/index.php?rest_route=\/wp\/v2\/types\/product"}],"wp:featuredmedia":[{"embeddable":true,"href":"https:\/\/www.deporteseli.com\/index.php?rest_route=\/wp\/v2\/media\/50310"}],"wp:attachment":[{"href":"https:\/\/www.deporteseli.com\/index.php?rest_route=%2Fwp%2Fv2%2Fmedia&parent=35626"}],"wp:term":[{"taxonomy":"product_brand","embeddable":true,"href":"https:\/\/www.deporteseli.com\/index.php?rest_route=%2Fwp%2Fv2%2Fproduct_brand&post=35626"},{"taxonomy":"product_cat","embeddable":true,"href":"https:\/\/www.deporteseli.com\/index.php?rest_route=%2Fwp%2Fv2%2Fproduct_cat&post=35626"},{"taxonomy":"product_tag","embeddable":true,"href":"https:\/\/www.deporteseli.com\/index.php?rest_route=%2Fwp%2Fv2%2Fproduct_tag&post=35626"}],"curies":[{"name":"wp","href":"https:\/\/api.w.org\/{rel}","templated":true}]}}