{"id":35616,"date":"2026-01-27T16:53:16","date_gmt":"2026-01-27T16:53:16","guid":{"rendered":"https:\/\/www.deporteseli.com\/?product=short-puma-586005-01-21"},"modified":"2026-01-27T16:53:18","modified_gmt":"2026-01-27T16:53:18","slug":"short-puma-586005-01-21","status":"publish","type":"product","link":"https:\/\/www.deporteseli.com\/?product=short-puma-586005-01-21","title":{"rendered":"SHORT PUMA 586005-01\/21"},"content":{"rendered":"<p>Pantal\u00f3n Corto Puma Junior Amplified Big Logo     \u00bfQui\u00e9n dijo que lo c\u00f3modo no puede ser elegante? Los shorts con logotipo grande Amplified ofrecen lo mejor de dos mundos: una cintura ajustable y un detalle de marca PUMA vistoso, para que te veas tan bien como te sientes.    BCI: Al comprar productos de algod\u00f3n de PUMA, apoyas una producci\u00f3n m\u00e1s sostenible de algod\u00f3n mediante la Iniciativa del Mejor Algod\u00f3n (Better Cotton Initiative).   Corte normal  Bolsillos laterales  Cinturilla el\u00e1stica con cord\u00f3n interior para un confort personalizado  Logotipo PUMA N.\u00ba 1 en la pierna izquierda  68% Algod\u00f3n y 32% poli\u00e9ster                                                                                                                                                                                                                                                                                                                                                                                                                                                                                                                                                                                                                                                                                                                                                                                                                                                                                                                                                                                                                                        <\/p>\n","protected":false},"excerpt":{"rendered":"<p>SHORT PUMA 586005-01\/21<\/p>\n","protected":false},"featured_media":50306,"template":"","meta":[],"product_brand":[],"product_cat":[299],"product_tag":[32],"class_list":{"0":"post-35616","1":"product","2":"type-product","3":"status-publish","4":"has-post-thumbnail","6":"product_cat-nino_textil_bermudas","7":"product_tag-puma","8":"pa_color-unico","9":"pa_talla-t-12","10":"thunk-woo-product-list","11":"opn-qv-enable","12":"open-woo-hover-","13":"open-single-product-tab-horizontal","14":"open-shadow-","15":"open-shadow-hover-","17":"first","18":"instock","19":"shipping-taxable","20":"purchasable","21":"product-type-variable"},"jetpack_sharing_enabled":true,"_links":{"self":[{"href":"https:\/\/www.deporteseli.com\/index.php?rest_route=\/wp\/v2\/product\/35616","targetHints":{"allow":["GET"]}}],"collection":[{"href":"https:\/\/www.deporteseli.com\/index.php?rest_route=\/wp\/v2\/product"}],"about":[{"href":"https:\/\/www.deporteseli.com\/index.php?rest_route=\/wp\/v2\/types\/product"}],"wp:featuredmedia":[{"embeddable":true,"href":"https:\/\/www.deporteseli.com\/index.php?rest_route=\/wp\/v2\/media\/50306"}],"wp:attachment":[{"href":"https:\/\/www.deporteseli.com\/index.php?rest_route=%2Fwp%2Fv2%2Fmedia&parent=35616"}],"wp:term":[{"taxonomy":"product_brand","embeddable":true,"href":"https:\/\/www.deporteseli.com\/index.php?rest_route=%2Fwp%2Fv2%2Fproduct_brand&post=35616"},{"taxonomy":"product_cat","embeddable":true,"href":"https:\/\/www.deporteseli.com\/index.php?rest_route=%2Fwp%2Fv2%2Fproduct_cat&post=35616"},{"taxonomy":"product_tag","embeddable":true,"href":"https:\/\/www.deporteseli.com\/index.php?rest_route=%2Fwp%2Fv2%2Fproduct_tag&post=35616"}],"curies":[{"name":"wp","href":"https:\/\/api.w.org\/{rel}","templated":true}]}}