{"id":35609,"date":"2026-01-27T16:53:06","date_gmt":"2026-01-27T16:53:06","guid":{"rendered":"https:\/\/www.deporteseli.com\/?product=short-adidas-ge2048-21"},"modified":"2026-01-27T16:53:09","modified_gmt":"2026-01-27T16:53:09","slug":"short-adidas-ge2048-21","status":"publish","type":"product","link":"https:\/\/www.deporteseli.com\/?product=short-adidas-ge2048-21","title":{"rendered":"SHORT ADIDAS GE2048\/21"},"content":{"rendered":"<p>BA\u00d1ADOR PARA PLAYA Y PISCINA  A todos los campeones del mundo les encantaba el agua cuando eran ni\u00f1os. Tu peque puede mejorar su estilo nadando con este ba\u00f1ador de adidas. Se ha confeccionado en un tejido ligero e incluye un calzoncillo interior que le proporciona mayor sujeci\u00f3n y cobertura.  DETALLES  Cintura el\u00e1stica con cord\u00f3n interior  Tejido t\u00e9cnico 100% poli\u00e9ster reciclado  Dise\u00f1o c\u00f3modo y ligero  Ba\u00f1ador de nataci\u00f3n para entrenar con frecuencia  Calzoncillo interior de malla  Tejido Infinitex Fitness resistente al cloro  Bolsillo trasero con cierre de velcro  Su acabado sin fluorocarbonos repele el agua.  Esta prenda se ha confeccionado con poli\u00e9ster reciclado para ahorrar recursos y reducir emisiones  Color del art\u00edculo: Scarlet  N\u00famero de art\u00edculo: GE2048                                                                                                                                                                                                                                                                                                                                                                                                                                                                                                                                                                                                                                                                                                                                                                                                                                                                                                                                                                                                                                        <\/p>\n","protected":false},"excerpt":{"rendered":"<p>SHORT ADIDAS GE2048\/21<\/p>\n","protected":false},"featured_media":50293,"template":"","meta":[],"product_brand":[],"product_cat":[300],"product_tag":[18],"class_list":{"0":"post-35609","1":"product","2":"type-product","3":"status-publish","4":"has-post-thumbnail","6":"product_cat-nino_textil_shorts","7":"product_tag-adidas","8":"pa_color-unico","9":"pa_talla-t-12","10":"pa_talla-t-14","11":"thunk-woo-product-list","12":"opn-qv-enable","13":"open-woo-hover-","14":"open-single-product-tab-horizontal","15":"open-shadow-","16":"open-shadow-hover-","18":"first","19":"instock","20":"shipping-taxable","21":"purchasable","22":"product-type-variable"},"jetpack_sharing_enabled":true,"_links":{"self":[{"href":"https:\/\/www.deporteseli.com\/index.php?rest_route=\/wp\/v2\/product\/35609","targetHints":{"allow":["GET"]}}],"collection":[{"href":"https:\/\/www.deporteseli.com\/index.php?rest_route=\/wp\/v2\/product"}],"about":[{"href":"https:\/\/www.deporteseli.com\/index.php?rest_route=\/wp\/v2\/types\/product"}],"wp:featuredmedia":[{"embeddable":true,"href":"https:\/\/www.deporteseli.com\/index.php?rest_route=\/wp\/v2\/media\/50293"}],"wp:attachment":[{"href":"https:\/\/www.deporteseli.com\/index.php?rest_route=%2Fwp%2Fv2%2Fmedia&parent=35609"}],"wp:term":[{"taxonomy":"product_brand","embeddable":true,"href":"https:\/\/www.deporteseli.com\/index.php?rest_route=%2Fwp%2Fv2%2Fproduct_brand&post=35609"},{"taxonomy":"product_cat","embeddable":true,"href":"https:\/\/www.deporteseli.com\/index.php?rest_route=%2Fwp%2Fv2%2Fproduct_cat&post=35609"},{"taxonomy":"product_tag","embeddable":true,"href":"https:\/\/www.deporteseli.com\/index.php?rest_route=%2Fwp%2Fv2%2Fproduct_tag&post=35609"}],"curies":[{"name":"wp","href":"https:\/\/api.w.org\/{rel}","templated":true}]}}