{"id":35599,"date":"2026-01-27T16:52:53","date_gmt":"2026-01-27T16:52:53","guid":{"rendered":"https:\/\/www.deporteseli.com\/?product=camisa-ellesse-prado-blanca"},"modified":"2026-04-05T04:17:34","modified_gmt":"2026-04-05T04:17:34","slug":"camisa-ellesse-prado-blanca","status":"publish","type":"product","link":"https:\/\/www.deporteseli.com\/?product=camisa-ellesse-prado-blanca","title":{"rendered":"CAMISA ELLESSE PRADO BLANCA"},"content":{"rendered":"<p>Ellesse Camiseta Prado Blanca  Camiseta de manga corta con logo en el pecho.     100% Algod\u00f3n    Ref: SHC07405    Ellesse fue fundada por Leonardo  Servadio en Perugia Italia en 1959. Creci\u00f3 en popularidad durante la d\u00e9cada de 1970 como productora de ropa de esqu\u00ed. Otro deporte con el que ha estado estrechamente asociado desde sus primeros a\u00f1os es el tenis. A lo largo de las d\u00e9cadas de 1970 y 1980, Ellesse se gan\u00f3 la reputaci\u00f3n de combinar la funcionalidad de la ropa deportiva con un estilo de moda a nivel de calle.  Los casuals del Reino Unido adoptaron la marca en los a\u00f1os 80 cuando la ropa deportiva premium despeg\u00f3 en la cultura juvenil brit\u00e1nica .                                                                                                                                                                                                                                                                                                                                                                                                                                                                                                                                                                                                                                                                                                                                                                                                                                                                                                                                                                                                                                        <\/p>\n","protected":false},"excerpt":{"rendered":"<p>CAMISA ELLESSE PRADO BLANCA<\/p>\n","protected":false},"featured_media":50283,"template":"","meta":[],"product_brand":[],"product_cat":[245],"product_tag":[52],"class_list":{"0":"post-35599","1":"product","2":"type-product","3":"status-publish","4":"has-post-thumbnail","6":"product_cat-hombre_textil_camisetas","7":"product_tag-ellesse","8":"pa_color-unico","9":"pa_talla-l","10":"pa_talla-m","11":"pa_talla-s","12":"pa_talla-xl","13":"thunk-woo-product-list","14":"opn-qv-enable","15":"open-woo-hover-","16":"open-single-product-tab-horizontal","17":"open-shadow-","18":"open-shadow-hover-","20":"first","21":"instock","22":"shipping-taxable","23":"purchasable","24":"product-type-variable"},"jetpack_sharing_enabled":true,"_links":{"self":[{"href":"https:\/\/www.deporteseli.com\/index.php?rest_route=\/wp\/v2\/product\/35599","targetHints":{"allow":["GET"]}}],"collection":[{"href":"https:\/\/www.deporteseli.com\/index.php?rest_route=\/wp\/v2\/product"}],"about":[{"href":"https:\/\/www.deporteseli.com\/index.php?rest_route=\/wp\/v2\/types\/product"}],"wp:featuredmedia":[{"embeddable":true,"href":"https:\/\/www.deporteseli.com\/index.php?rest_route=\/wp\/v2\/media\/50283"}],"wp:attachment":[{"href":"https:\/\/www.deporteseli.com\/index.php?rest_route=%2Fwp%2Fv2%2Fmedia&parent=35599"}],"wp:term":[{"taxonomy":"product_brand","embeddable":true,"href":"https:\/\/www.deporteseli.com\/index.php?rest_route=%2Fwp%2Fv2%2Fproduct_brand&post=35599"},{"taxonomy":"product_cat","embeddable":true,"href":"https:\/\/www.deporteseli.com\/index.php?rest_route=%2Fwp%2Fv2%2Fproduct_cat&post=35599"},{"taxonomy":"product_tag","embeddable":true,"href":"https:\/\/www.deporteseli.com\/index.php?rest_route=%2Fwp%2Fv2%2Fproduct_tag&post=35599"}],"curies":[{"name":"wp","href":"https:\/\/api.w.org\/{rel}","templated":true}]}}