{"id":35594,"date":"2026-01-27T16:52:44","date_gmt":"2026-01-27T16:52:44","guid":{"rendered":"https:\/\/www.deporteseli.com\/?product=camisa-ellesse-prado-black-21"},"modified":"2026-01-27T16:52:46","modified_gmt":"2026-01-27T16:52:46","slug":"camisa-ellesse-prado-black-21","status":"publish","type":"product","link":"https:\/\/www.deporteseli.com\/?product=camisa-ellesse-prado-black-21","title":{"rendered":"CAMISA ELLESSE PRADO BLACK\/21"},"content":{"rendered":"<p>Prado Tee  Art\u00edculo n\u00ba: SHC07405  Marca la diferencia en tu d\u00eda a d\u00eda con esta ic\u00f3nica camiseta de manga corta de ellesse.  COMPOSICI\u00d3N   100% Algod\u00f3n  LAVADO   Leer la etiqueta de producto.                                                                                                                                                                                                                                                                                                                                                                                                                                                                                                                                                                                                                                                                                                                                                                                                                                                                                                                                                                                                                                        <\/p>\n","protected":false},"excerpt":{"rendered":"<p>CAMISA ELLESSE PRADO BLACK\/21<\/p>\n","protected":false},"featured_media":50281,"template":"","meta":[],"product_brand":[],"product_cat":[245],"product_tag":[52],"class_list":{"0":"post-35594","1":"product","2":"type-product","3":"status-publish","4":"has-post-thumbnail","6":"product_cat-hombre_textil_camisetas","7":"product_tag-ellesse","8":"pa_color-unico","9":"pa_talla-l","10":"thunk-woo-product-list","11":"opn-qv-enable","12":"open-woo-hover-","13":"open-single-product-tab-horizontal","14":"open-shadow-","15":"open-shadow-hover-","17":"first","18":"instock","19":"shipping-taxable","20":"purchasable","21":"product-type-variable"},"jetpack_sharing_enabled":true,"_links":{"self":[{"href":"https:\/\/www.deporteseli.com\/index.php?rest_route=\/wp\/v2\/product\/35594","targetHints":{"allow":["GET"]}}],"collection":[{"href":"https:\/\/www.deporteseli.com\/index.php?rest_route=\/wp\/v2\/product"}],"about":[{"href":"https:\/\/www.deporteseli.com\/index.php?rest_route=\/wp\/v2\/types\/product"}],"wp:featuredmedia":[{"embeddable":true,"href":"https:\/\/www.deporteseli.com\/index.php?rest_route=\/wp\/v2\/media\/50281"}],"wp:attachment":[{"href":"https:\/\/www.deporteseli.com\/index.php?rest_route=%2Fwp%2Fv2%2Fmedia&parent=35594"}],"wp:term":[{"taxonomy":"product_brand","embeddable":true,"href":"https:\/\/www.deporteseli.com\/index.php?rest_route=%2Fwp%2Fv2%2Fproduct_brand&post=35594"},{"taxonomy":"product_cat","embeddable":true,"href":"https:\/\/www.deporteseli.com\/index.php?rest_route=%2Fwp%2Fv2%2Fproduct_cat&post=35594"},{"taxonomy":"product_tag","embeddable":true,"href":"https:\/\/www.deporteseli.com\/index.php?rest_route=%2Fwp%2Fv2%2Fproduct_tag&post=35594"}],"curies":[{"name":"wp","href":"https:\/\/api.w.org\/{rel}","templated":true}]}}