{"id":35590,"date":"2026-01-27T16:52:39","date_gmt":"2026-01-27T16:52:39","guid":{"rendered":"https:\/\/www.deporteseli.com\/?product=short-ellesse-genoa-21-black"},"modified":"2026-01-27T16:52:40","modified_gmt":"2026-01-27T16:52:40","slug":"short-ellesse-genoa-21-black","status":"publish","type":"product","link":"https:\/\/www.deporteseli.com\/?product=short-ellesse-genoa-21-black","title":{"rendered":"SHORT ELLESSE GENOA\/21 BLACK"},"content":{"rendered":"<p>KU: 295SHI08547-BLACK  Ba\u00f1ador Ellesse Genoa hombre    Ba\u00f1ador Ellesse Genoa color negro hombre    Ajuste en cintura con cord\u00f3n    Bandas leterales a contraste    Logo bordado en pierna izquierda                                                                                                                                                                                                                                                                                                                                                                                                                                                                                                                                                                                                                                                                                                                                                                                                                                                                                                                                                                                                                                        <\/p>\n","protected":false},"excerpt":{"rendered":"<p>SHORT ELLESSE GENOA\/21 BLACK<\/p>\n","protected":false},"featured_media":50274,"template":"","meta":[],"product_brand":[],"product_cat":[250],"product_tag":[52],"class_list":{"0":"post-35590","1":"product","2":"type-product","3":"status-publish","4":"has-post-thumbnail","6":"product_cat-hombre_textil_bermudas","7":"product_tag-ellesse","8":"pa_color-unico","9":"pa_talla-xl","10":"thunk-woo-product-list","11":"opn-qv-enable","12":"open-woo-hover-","13":"open-single-product-tab-horizontal","14":"open-shadow-","15":"open-shadow-hover-","17":"first","18":"instock","19":"shipping-taxable","20":"purchasable","21":"product-type-variable"},"jetpack_sharing_enabled":true,"_links":{"self":[{"href":"https:\/\/www.deporteseli.com\/index.php?rest_route=\/wp\/v2\/product\/35590","targetHints":{"allow":["GET"]}}],"collection":[{"href":"https:\/\/www.deporteseli.com\/index.php?rest_route=\/wp\/v2\/product"}],"about":[{"href":"https:\/\/www.deporteseli.com\/index.php?rest_route=\/wp\/v2\/types\/product"}],"wp:featuredmedia":[{"embeddable":true,"href":"https:\/\/www.deporteseli.com\/index.php?rest_route=\/wp\/v2\/media\/50274"}],"wp:attachment":[{"href":"https:\/\/www.deporteseli.com\/index.php?rest_route=%2Fwp%2Fv2%2Fmedia&parent=35590"}],"wp:term":[{"taxonomy":"product_brand","embeddable":true,"href":"https:\/\/www.deporteseli.com\/index.php?rest_route=%2Fwp%2Fv2%2Fproduct_brand&post=35590"},{"taxonomy":"product_cat","embeddable":true,"href":"https:\/\/www.deporteseli.com\/index.php?rest_route=%2Fwp%2Fv2%2Fproduct_cat&post=35590"},{"taxonomy":"product_tag","embeddable":true,"href":"https:\/\/www.deporteseli.com\/index.php?rest_route=%2Fwp%2Fv2%2Fproduct_tag&post=35590"}],"curies":[{"name":"wp","href":"https:\/\/api.w.org\/{rel}","templated":true}]}}