{"id":35584,"date":"2026-01-27T16:52:31","date_gmt":"2026-01-27T16:52:31","guid":{"rendered":"https:\/\/www.deporteseli.com\/?product=short-head-811379-21-black"},"modified":"2026-03-07T05:17:53","modified_gmt":"2026-03-07T05:17:53","slug":"short-head-811379-21-black","status":"publish","type":"product","link":"https:\/\/www.deporteseli.com\/?product=short-head-811379-21-black","title":{"rendered":"SHORT HEAD 811379\/21 BLACK"},"content":{"rendered":"<p>Estos pantalones cortos de tenis Head Club son ideales para usar durante los entrenamientos y partidos de tenis. Estos pantalones son sencillos y elegantes. Este modelo es una excelente opci\u00f3n para los equipos de su Club. Adem\u00e1s, el interior esta forrado con malla para garantizar una buena transpirabilidad. Esta hecho de poli\u00e9ster 100%, con lo que podr\u00e1 moverse libremente. Tiene dos bolsillos laterales y un cord\u00f3n para ajustar.                                                                                                                                                                                                                                                                                                                                                                                                                                                                                                                                                                                                                                                                                                                                                                                                                                                                                                                                                                                                                                        <\/p>\n","protected":false},"excerpt":{"rendered":"<p>SHORT HEAD 811379\/21 BLACK<\/p>\n","protected":false},"featured_media":50268,"template":"","meta":[],"product_brand":[],"product_cat":[365],"product_tag":[22],"class_list":{"0":"post-35584","1":"product","2":"type-product","3":"status-publish","4":"has-post-thumbnail","6":"product_cat-padel_y_tenis_textil_shorts","7":"product_tag-head","8":"pa_color-unico","9":"pa_talla-l","10":"pa_talla-m","11":"pa_talla-s","12":"pa_talla-xl","13":"thunk-woo-product-list","14":"opn-qv-enable","15":"open-woo-hover-","16":"open-single-product-tab-horizontal","17":"open-shadow-","18":"open-shadow-hover-","20":"first","21":"instock","22":"shipping-taxable","23":"purchasable","24":"product-type-variable"},"jetpack_sharing_enabled":true,"_links":{"self":[{"href":"https:\/\/www.deporteseli.com\/index.php?rest_route=\/wp\/v2\/product\/35584","targetHints":{"allow":["GET"]}}],"collection":[{"href":"https:\/\/www.deporteseli.com\/index.php?rest_route=\/wp\/v2\/product"}],"about":[{"href":"https:\/\/www.deporteseli.com\/index.php?rest_route=\/wp\/v2\/types\/product"}],"wp:featuredmedia":[{"embeddable":true,"href":"https:\/\/www.deporteseli.com\/index.php?rest_route=\/wp\/v2\/media\/50268"}],"wp:attachment":[{"href":"https:\/\/www.deporteseli.com\/index.php?rest_route=%2Fwp%2Fv2%2Fmedia&parent=35584"}],"wp:term":[{"taxonomy":"product_brand","embeddable":true,"href":"https:\/\/www.deporteseli.com\/index.php?rest_route=%2Fwp%2Fv2%2Fproduct_brand&post=35584"},{"taxonomy":"product_cat","embeddable":true,"href":"https:\/\/www.deporteseli.com\/index.php?rest_route=%2Fwp%2Fv2%2Fproduct_cat&post=35584"},{"taxonomy":"product_tag","embeddable":true,"href":"https:\/\/www.deporteseli.com\/index.php?rest_route=%2Fwp%2Fv2%2Fproduct_tag&post=35584"}],"curies":[{"name":"wp","href":"https:\/\/api.w.org\/{rel}","templated":true}]}}