{"id":35580,"date":"2026-01-27T16:52:24","date_gmt":"2026-01-27T16:52:24","guid":{"rendered":"https:\/\/www.deporteseli.com\/?product=munequera-fila-xs11teu0601400-21"},"modified":"2026-01-27T16:52:26","modified_gmt":"2026-01-27T16:52:26","slug":"munequera-fila-xs11teu0601400-21","status":"publish","type":"product","link":"https:\/\/www.deporteseli.com\/?product=munequera-fila-xs11teu0601400-21","title":{"rendered":"MU\u00f1EQUERA FILA XS11TEU0601400\/21"},"content":{"rendered":"<p>Mant\u00e9n el sudor bajo control con estas pulseras de felpa est\u00e1ndar de Fila. El paquete de dos presenta cuadros F bordados en cada pulsera.    Composici\u00f3n: 80% algod\u00f3n, 12% elastano, 8% nailon  Tama\u00f1os: talla \u00fanica para la mayor\u00eda                                                                                                                                                                                                                                                                                                                                                                                                                                                                                                                                                                                                                                                                                                                                                                                                                                                                                                                                                                                                                                        <\/p>\n","protected":false},"excerpt":{"rendered":"<p>MU\u00f1EQUERA FILA XS11TEU0601400\/21<\/p>\n","protected":false},"featured_media":50261,"template":"","meta":[],"product_brand":[],"product_cat":[242],"product_tag":[46],"class_list":{"0":"post-35580","1":"product","2":"type-product","3":"status-publish","4":"has-post-thumbnail","6":"product_cat-unisex_accesorios","7":"product_tag-fila","8":"pa_color-unico","9":"pa_talla-unica","10":"thunk-woo-product-list","11":"opn-qv-enable","12":"open-woo-hover-","13":"open-single-product-tab-horizontal","14":"open-shadow-","15":"open-shadow-hover-","17":"first","18":"instock","19":"shipping-taxable","20":"purchasable","21":"product-type-variable"},"jetpack_sharing_enabled":true,"_links":{"self":[{"href":"https:\/\/www.deporteseli.com\/index.php?rest_route=\/wp\/v2\/product\/35580","targetHints":{"allow":["GET"]}}],"collection":[{"href":"https:\/\/www.deporteseli.com\/index.php?rest_route=\/wp\/v2\/product"}],"about":[{"href":"https:\/\/www.deporteseli.com\/index.php?rest_route=\/wp\/v2\/types\/product"}],"wp:featuredmedia":[{"embeddable":true,"href":"https:\/\/www.deporteseli.com\/index.php?rest_route=\/wp\/v2\/media\/50261"}],"wp:attachment":[{"href":"https:\/\/www.deporteseli.com\/index.php?rest_route=%2Fwp%2Fv2%2Fmedia&parent=35580"}],"wp:term":[{"taxonomy":"product_brand","embeddable":true,"href":"https:\/\/www.deporteseli.com\/index.php?rest_route=%2Fwp%2Fv2%2Fproduct_brand&post=35580"},{"taxonomy":"product_cat","embeddable":true,"href":"https:\/\/www.deporteseli.com\/index.php?rest_route=%2Fwp%2Fv2%2Fproduct_cat&post=35580"},{"taxonomy":"product_tag","embeddable":true,"href":"https:\/\/www.deporteseli.com\/index.php?rest_route=%2Fwp%2Fv2%2Fproduct_tag&post=35580"}],"curies":[{"name":"wp","href":"https:\/\/api.w.org\/{rel}","templated":true}]}}