{"id":35568,"date":"2026-01-27T16:52:07","date_gmt":"2026-01-27T16:52:07","guid":{"rendered":"https:\/\/www.deporteseli.com\/?product=calcetin-fila-f9303806-21"},"modified":"2026-01-27T16:52:08","modified_gmt":"2026-01-27T16:52:08","slug":"calcetin-fila-f9303806-21","status":"publish","type":"product","link":"https:\/\/www.deporteseli.com\/?product=calcetin-fila-f9303806-21","title":{"rendered":"CALCETIN FILA F9303806\/21"},"content":{"rendered":"<p>Detalles:    Cuello con inserto el\u00e1stico acanalado para un mejor ajuste  Logo Fila cosido  Paquete de 3 pares  Unisexo  Tejido: 75% algod\u00f3n, 23% poli\u00e9ster, 2% elastano                                                                                                                                                                                                                                                                                                                                                                                                                                                                                                                                                                                                                                                                                                                                                                                                                                                                                                                                                                                                                                        <\/p>\n","protected":false},"excerpt":{"rendered":"<p>CALCETIN FILA F9303806\/21<\/p>\n","protected":false},"featured_media":50253,"template":"","meta":[],"product_brand":[],"product_cat":[400],"product_tag":[46],"class_list":{"0":"post-35568","1":"product","2":"type-product","3":"status-publish","4":"has-post-thumbnail","6":"product_cat-accesorios_calcetines","7":"product_tag-fila","8":"pa_color-unico","9":"pa_talla-39-42","10":"thunk-woo-product-list","11":"opn-qv-enable","12":"open-woo-hover-","13":"open-single-product-tab-horizontal","14":"open-shadow-","15":"open-shadow-hover-","17":"first","18":"instock","19":"shipping-taxable","20":"purchasable","21":"product-type-variable"},"jetpack_sharing_enabled":true,"_links":{"self":[{"href":"https:\/\/www.deporteseli.com\/index.php?rest_route=\/wp\/v2\/product\/35568","targetHints":{"allow":["GET"]}}],"collection":[{"href":"https:\/\/www.deporteseli.com\/index.php?rest_route=\/wp\/v2\/product"}],"about":[{"href":"https:\/\/www.deporteseli.com\/index.php?rest_route=\/wp\/v2\/types\/product"}],"wp:featuredmedia":[{"embeddable":true,"href":"https:\/\/www.deporteseli.com\/index.php?rest_route=\/wp\/v2\/media\/50253"}],"wp:attachment":[{"href":"https:\/\/www.deporteseli.com\/index.php?rest_route=%2Fwp%2Fv2%2Fmedia&parent=35568"}],"wp:term":[{"taxonomy":"product_brand","embeddable":true,"href":"https:\/\/www.deporteseli.com\/index.php?rest_route=%2Fwp%2Fv2%2Fproduct_brand&post=35568"},{"taxonomy":"product_cat","embeddable":true,"href":"https:\/\/www.deporteseli.com\/index.php?rest_route=%2Fwp%2Fv2%2Fproduct_cat&post=35568"},{"taxonomy":"product_tag","embeddable":true,"href":"https:\/\/www.deporteseli.com\/index.php?rest_route=%2Fwp%2Fv2%2Fproduct_tag&post=35568"}],"curies":[{"name":"wp","href":"https:\/\/api.w.org\/{rel}","templated":true}]}}