{"id":35557,"date":"2026-01-27T16:51:52","date_gmt":"2026-01-27T16:51:52","guid":{"rendered":"https:\/\/www.deporteseli.com\/?product=camisa-adidas-dw6866-21"},"modified":"2026-01-27T16:51:55","modified_gmt":"2026-01-27T16:51:55","slug":"camisa-adidas-dw6866-21","status":"publish","type":"product","link":"https:\/\/www.deporteseli.com\/?product=camisa-adidas-dw6866-21","title":{"rendered":"CAMISA ADIDAS DW6866\/21"},"content":{"rendered":"<p>Descripci\u00f3n del producto  adidas T19 Tanktop Mujer  Los trofeos se hacen con trabajo duro. Dise\u00f1ada para los d\u00edas calurosos en la cancha, esta camiseta sin mangas de compresi\u00f3n te mantiene fresco con un tejido transpirable de secado r\u00e1pido. Tiene un ajuste ce\u00f1ido y el\u00e1stico que soporta todos tus movimientos.    Caracter\u00edsticas y beneficios  &#8211; Cuello redondo  &#8211; Sin mangas  &#8211; Punto liso 91% poli\u00e9ster \/ 9% elastano    Color: Negro  SKU: DW6866                                                                                                                                                                                                                                                                                                                                                                                                                                                                                                                                                                                                                                                                                                                                                                                                                                                                                                                                                                                                                                        <\/p>\n","protected":false},"excerpt":{"rendered":"<p>CAMISA ADIDAS DW6866\/21<\/p>\n","protected":false},"featured_media":50249,"template":"","meta":[],"product_brand":[],"product_cat":[364],"product_tag":[18],"class_list":{"0":"post-35557","1":"product","2":"type-product","3":"status-publish","4":"has-post-thumbnail","6":"product_cat-padel_y_tenis_textil_camisas","7":"product_tag-adidas","8":"pa_color-unico","9":"pa_talla-l","10":"pa_talla-xs","11":"thunk-woo-product-list","12":"opn-qv-enable","13":"open-woo-hover-","14":"open-single-product-tab-horizontal","15":"open-shadow-","16":"open-shadow-hover-","18":"first","19":"instock","20":"shipping-taxable","21":"purchasable","22":"product-type-variable"},"jetpack_sharing_enabled":true,"_links":{"self":[{"href":"https:\/\/www.deporteseli.com\/index.php?rest_route=\/wp\/v2\/product\/35557","targetHints":{"allow":["GET"]}}],"collection":[{"href":"https:\/\/www.deporteseli.com\/index.php?rest_route=\/wp\/v2\/product"}],"about":[{"href":"https:\/\/www.deporteseli.com\/index.php?rest_route=\/wp\/v2\/types\/product"}],"wp:featuredmedia":[{"embeddable":true,"href":"https:\/\/www.deporteseli.com\/index.php?rest_route=\/wp\/v2\/media\/50249"}],"wp:attachment":[{"href":"https:\/\/www.deporteseli.com\/index.php?rest_route=%2Fwp%2Fv2%2Fmedia&parent=35557"}],"wp:term":[{"taxonomy":"product_brand","embeddable":true,"href":"https:\/\/www.deporteseli.com\/index.php?rest_route=%2Fwp%2Fv2%2Fproduct_brand&post=35557"},{"taxonomy":"product_cat","embeddable":true,"href":"https:\/\/www.deporteseli.com\/index.php?rest_route=%2Fwp%2Fv2%2Fproduct_cat&post=35557"},{"taxonomy":"product_tag","embeddable":true,"href":"https:\/\/www.deporteseli.com\/index.php?rest_route=%2Fwp%2Fv2%2Fproduct_tag&post=35557"}],"curies":[{"name":"wp","href":"https:\/\/api.w.org\/{rel}","templated":true}]}}