{"id":35546,"date":"2026-01-27T16:51:38","date_gmt":"2026-01-27T16:51:38","guid":{"rendered":"https:\/\/www.deporteseli.com\/?product=banador-para-piscina-gn5874"},"modified":"2026-01-27T16:51:43","modified_gmt":"2026-01-27T16:51:43","slug":"banador-para-piscina-gn5874","status":"publish","type":"product","link":"https:\/\/www.deporteseli.com\/?product=banador-para-piscina-gn5874","title":{"rendered":"BA\u00f1ADOR PARA PISCINA GN5874"},"content":{"rendered":"<p>BA\u00d1ADOR DEPORTIVO FABRICADO CON MATERIALES RECICLADOS.  En la piscina es agradable no solo entrenar, sino tambi\u00e9n organizar batallas de agua con amigos. Estos ba\u00f1adores para ni\u00f1os est\u00e1n hechos de un material duradero que es resistente al cloro y se siente bien en la piel. El logo de adidas y tres rayas enfatizan una mesa deportiva Este modelo incluye el material Primegreen creado a partir de fibras procesadas.  Cintur\u00f3n el\u00e1stico con cordones  Maillot Infinitex Fitness Eco: 80% nailon reciclado, 20% elastano  El tejido es resistente al cloro.  material Primegreen  Color: Azul marino Crew \/ Azul nebuloso                                                                                                                                                                                                                                                                                                                                                                                                                                                                                                                                                                                                                                                                                                                                                                                                                                                                                                                                                                                                                                        <\/p>\n","protected":false},"excerpt":{"rendered":"<p>BA\u00f1ADOR PARA PISCINA GN5874<\/p>\n","protected":false},"featured_media":50243,"template":"","meta":[],"product_brand":[],"product_cat":[306],"product_tag":[18],"class_list":{"0":"post-35546","1":"product","2":"type-product","3":"status-publish","4":"has-post-thumbnail","6":"product_cat-nino_textil_banadores","7":"product_tag-adidas","8":"pa_color-unico","9":"pa_talla-t-10","10":"pa_talla-t-12","11":"pa_talla-t-14","12":"thunk-woo-product-list","13":"opn-qv-enable","14":"open-woo-hover-","15":"open-single-product-tab-horizontal","16":"open-shadow-","17":"open-shadow-hover-","19":"first","20":"instock","21":"shipping-taxable","22":"purchasable","23":"product-type-variable"},"jetpack_sharing_enabled":true,"_links":{"self":[{"href":"https:\/\/www.deporteseli.com\/index.php?rest_route=\/wp\/v2\/product\/35546","targetHints":{"allow":["GET"]}}],"collection":[{"href":"https:\/\/www.deporteseli.com\/index.php?rest_route=\/wp\/v2\/product"}],"about":[{"href":"https:\/\/www.deporteseli.com\/index.php?rest_route=\/wp\/v2\/types\/product"}],"wp:featuredmedia":[{"embeddable":true,"href":"https:\/\/www.deporteseli.com\/index.php?rest_route=\/wp\/v2\/media\/50243"}],"wp:attachment":[{"href":"https:\/\/www.deporteseli.com\/index.php?rest_route=%2Fwp%2Fv2%2Fmedia&parent=35546"}],"wp:term":[{"taxonomy":"product_brand","embeddable":true,"href":"https:\/\/www.deporteseli.com\/index.php?rest_route=%2Fwp%2Fv2%2Fproduct_brand&post=35546"},{"taxonomy":"product_cat","embeddable":true,"href":"https:\/\/www.deporteseli.com\/index.php?rest_route=%2Fwp%2Fv2%2Fproduct_cat&post=35546"},{"taxonomy":"product_tag","embeddable":true,"href":"https:\/\/www.deporteseli.com\/index.php?rest_route=%2Fwp%2Fv2%2Fproduct_tag&post=35546"}],"curies":[{"name":"wp","href":"https:\/\/api.w.org\/{rel}","templated":true}]}}