{"id":35544,"date":"2026-01-27T16:51:36","date_gmt":"2026-01-27T16:51:36","guid":{"rendered":"https:\/\/www.deporteseli.com\/?product=manopla-aquasphere-ergoflex-st118"},"modified":"2026-01-27T16:51:37","modified_gmt":"2026-01-27T16:51:37","slug":"manopla-aquasphere-ergoflex-st118","status":"publish","type":"product","link":"https:\/\/www.deporteseli.com\/?product=manopla-aquasphere-ergoflex-st118","title":{"rendered":"MANOPLA AQUASPHERE ERGOFLEX ST118"},"content":{"rendered":"<p>La innovadora construcci\u00f3n de la manopla ErgoFlex Hand Paddle combina la rigidez de su esqueleto de polipropileno con un marco de goma suave y flexible, lo que proporciona al nadador\/a resistencia y tacto dentro del agua. El contorno ergon\u00f3mico de esta pala est\u00e1 dise\u00f1ado para imitar la forma de la mano y permite micro-ajustes durante el ejercicio.    Al usar esta manopla acu\u00e1tica, nos acostumbramos a una brazada m\u00e1s potente y a un mayor desplazamiento del agua, lo que posteriormente sirve a nivel cerebro-vascular para conseguir las mismas sensaciones que cuando se nada sin ella. La correa en la mano es de quita y pon y regulable, mientras que el marco de goma proporciona seguridad cuando se comparte el carril con otros nadadores.         FICHA T\u00c9CNICA:  Color: Azul \/ Gris.  Tallas: S y M.                                                                                                                                                                                                                                                                                                                                                                                                                                                                                                                                                                                                                                                                                                                                                                                                                                                                                                                                                                                                                                        <\/p>\n","protected":false},"excerpt":{"rendered":"<p>MANOPLA AQUASPHERE ERGOFLEX ST118<\/p>\n","protected":false},"featured_media":50242,"template":"","meta":[],"product_brand":[],"product_cat":[337],"product_tag":[45],"class_list":{"0":"post-35544","1":"product","2":"type-product","3":"status-publish","4":"has-post-thumbnail","6":"product_cat-deportes_piscina_accesorios","7":"product_tag-aqua_sphere","8":"pa_color-unico","9":"pa_talla-s","10":"thunk-woo-product-list","11":"opn-qv-enable","12":"open-woo-hover-","13":"open-single-product-tab-horizontal","14":"open-shadow-","15":"open-shadow-hover-","17":"first","18":"instock","19":"shipping-taxable","20":"purchasable","21":"product-type-variable"},"jetpack_sharing_enabled":true,"_links":{"self":[{"href":"https:\/\/www.deporteseli.com\/index.php?rest_route=\/wp\/v2\/product\/35544","targetHints":{"allow":["GET"]}}],"collection":[{"href":"https:\/\/www.deporteseli.com\/index.php?rest_route=\/wp\/v2\/product"}],"about":[{"href":"https:\/\/www.deporteseli.com\/index.php?rest_route=\/wp\/v2\/types\/product"}],"wp:featuredmedia":[{"embeddable":true,"href":"https:\/\/www.deporteseli.com\/index.php?rest_route=\/wp\/v2\/media\/50242"}],"wp:attachment":[{"href":"https:\/\/www.deporteseli.com\/index.php?rest_route=%2Fwp%2Fv2%2Fmedia&parent=35544"}],"wp:term":[{"taxonomy":"product_brand","embeddable":true,"href":"https:\/\/www.deporteseli.com\/index.php?rest_route=%2Fwp%2Fv2%2Fproduct_brand&post=35544"},{"taxonomy":"product_cat","embeddable":true,"href":"https:\/\/www.deporteseli.com\/index.php?rest_route=%2Fwp%2Fv2%2Fproduct_cat&post=35544"},{"taxonomy":"product_tag","embeddable":true,"href":"https:\/\/www.deporteseli.com\/index.php?rest_route=%2Fwp%2Fv2%2Fproduct_tag&post=35544"}],"curies":[{"name":"wp","href":"https:\/\/api.w.org\/{rel}","templated":true}]}}