{"id":35540,"date":"2026-01-27T16:51:31","date_gmt":"2026-01-27T16:51:31","guid":{"rendered":"https:\/\/www.deporteseli.com\/?product=cholas-nike-cn9677-005-21"},"modified":"2026-04-07T04:17:29","modified_gmt":"2026-04-07T04:17:29","slug":"cholas-nike-cn9677-005-21","status":"publish","type":"product","link":"https:\/\/www.deporteseli.com\/?product=cholas-nike-cn9677-005-21","title":{"rendered":"CHOLAS NIKE CN9677-005\/21"},"content":{"rendered":"<p>Desde la playa hasta el jard\u00edn y el sof\u00e1, la chancla Nike Victori One perfecciona un dise\u00f1o cl\u00e1sico. Con una comodidad ligera y f\u00e1cil de usar, cuenta con una nueva espuma m\u00e1s suave y eficaz. El patr\u00f3n gr\u00e1fico de agarre moldeado ayuda a sostener y mantener el pie en su lugar.Beneficios      El borde superior enrollado de la correa aporta comodidad mientras que la almohadilla gruesa se siente suave.  El nuevo dise\u00f1o de la correa agrega espacio adicional y se adapta a m\u00e1s tallas de pie.  La suela tiene un nuevo patr\u00f3n gr\u00e1fico para aumentar la tracci\u00f3n.    Datos del producto    El audaz  NIKE  y los dise\u00f1os Swoosh en la correa te permiten representar la marca  Color que se muestra: Negro\/Negro\/Blanco  Estilo: CN9677-005                                                                                                                                                                                                                                                                                                                                                                                                                                                                                                                                                                                                                                                                                                                                                                                                                                                                                                                                                                                                                                        <\/p>\n","protected":false},"excerpt":{"rendered":"<p>CHOLAS NIKE CN9677-005\/21<\/p>\n","protected":false},"featured_media":50238,"template":"","meta":[],"product_brand":[],"product_cat":[291],"product_tag":[37],"class_list":{"0":"post-35540","1":"product","2":"type-product","3":"status-publish","4":"has-post-thumbnail","6":"product_cat-mujer_calzado_cholas","7":"product_tag-nike","8":"pa_color-unico","9":"pa_talla-36-5","10":"pa_talla-145","11":"pa_talla-147","12":"thunk-woo-product-list","13":"opn-qv-enable","14":"open-woo-hover-","15":"open-single-product-tab-horizontal","16":"open-shadow-","17":"open-shadow-hover-","19":"first","20":"instock","21":"shipping-taxable","22":"purchasable","23":"product-type-variable"},"jetpack_sharing_enabled":true,"_links":{"self":[{"href":"https:\/\/www.deporteseli.com\/index.php?rest_route=\/wp\/v2\/product\/35540","targetHints":{"allow":["GET"]}}],"collection":[{"href":"https:\/\/www.deporteseli.com\/index.php?rest_route=\/wp\/v2\/product"}],"about":[{"href":"https:\/\/www.deporteseli.com\/index.php?rest_route=\/wp\/v2\/types\/product"}],"wp:featuredmedia":[{"embeddable":true,"href":"https:\/\/www.deporteseli.com\/index.php?rest_route=\/wp\/v2\/media\/50238"}],"wp:attachment":[{"href":"https:\/\/www.deporteseli.com\/index.php?rest_route=%2Fwp%2Fv2%2Fmedia&parent=35540"}],"wp:term":[{"taxonomy":"product_brand","embeddable":true,"href":"https:\/\/www.deporteseli.com\/index.php?rest_route=%2Fwp%2Fv2%2Fproduct_brand&post=35540"},{"taxonomy":"product_cat","embeddable":true,"href":"https:\/\/www.deporteseli.com\/index.php?rest_route=%2Fwp%2Fv2%2Fproduct_cat&post=35540"},{"taxonomy":"product_tag","embeddable":true,"href":"https:\/\/www.deporteseli.com\/index.php?rest_route=%2Fwp%2Fv2%2Fproduct_tag&post=35540"}],"curies":[{"name":"wp","href":"https:\/\/api.w.org\/{rel}","templated":true}]}}