{"id":35535,"date":"2026-01-27T16:51:25","date_gmt":"2026-01-27T16:51:25","guid":{"rendered":"https:\/\/www.deporteseli.com\/?product=zapatilla-tensaur"},"modified":"2026-04-12T04:17:14","modified_gmt":"2026-04-12T04:17:14","slug":"zapatilla-tensaur","status":"publish","type":"product","link":"https:\/\/www.deporteseli.com\/?product=zapatilla-tensaur","title":{"rendered":"ZAPATILLA TENSAUR"},"content":{"rendered":"<p>COMODIDAD Y DIVERSI\u00d3N GARANTIZADAS  El miembro m\u00e1s joven de la familia tambi\u00e9n lucir\u00e1 el estilo vintage de adidas gracias a esta zapatilla. El cierre con tiras de velcro le ayuda a calzarse y descalzarse muy f\u00e1cilmente. La parte superior resistente al desgaste le permite moverse con comodidad tanto en interiores como exteriores.  DETALLES  Horma cl\u00e1sica  C\u00f3modo cierre con tiras de velcro  Parte superior sint\u00e9tica  Dise\u00f1o resistente al desgaste  Forro textil  Suela de goma que no deja marcas  Color del art\u00edculo: Dark Blue \/ Cloud White \/ Active Red  N\u00famero de art\u00edculo: S24053                                                                                                                                                                                                                                                                                                                                                                                                                                                                                                                                                                                                                                                                                                                                                                                                                                                                                                                                                                                                                                        <\/p>\n","protected":false},"excerpt":{"rendered":"<p>ZAPATILLA TENSAUR<\/p>\n","protected":false},"featured_media":50233,"template":"","meta":[],"product_brand":[],"product_cat":[237],"product_tag":[18],"class_list":{"0":"post-35535","1":"product","2":"type-product","3":"status-publish","4":"has-post-thumbnail","6":"product_cat-outlet_calzado","7":"product_tag-adidas","8":"pa_color-unico","9":"pa_talla-115","10":"pa_talla-117","11":"pa_talla-t-20","12":"pa_talla-t-21","13":"thunk-woo-product-list","14":"opn-qv-enable","15":"open-woo-hover-","16":"open-single-product-tab-horizontal","17":"open-shadow-","18":"open-shadow-hover-","20":"first","21":"instock","22":"shipping-taxable","23":"purchasable","24":"product-type-variable"},"jetpack_sharing_enabled":true,"_links":{"self":[{"href":"https:\/\/www.deporteseli.com\/index.php?rest_route=\/wp\/v2\/product\/35535","targetHints":{"allow":["GET"]}}],"collection":[{"href":"https:\/\/www.deporteseli.com\/index.php?rest_route=\/wp\/v2\/product"}],"about":[{"href":"https:\/\/www.deporteseli.com\/index.php?rest_route=\/wp\/v2\/types\/product"}],"wp:featuredmedia":[{"embeddable":true,"href":"https:\/\/www.deporteseli.com\/index.php?rest_route=\/wp\/v2\/media\/50233"}],"wp:attachment":[{"href":"https:\/\/www.deporteseli.com\/index.php?rest_route=%2Fwp%2Fv2%2Fmedia&parent=35535"}],"wp:term":[{"taxonomy":"product_brand","embeddable":true,"href":"https:\/\/www.deporteseli.com\/index.php?rest_route=%2Fwp%2Fv2%2Fproduct_brand&post=35535"},{"taxonomy":"product_cat","embeddable":true,"href":"https:\/\/www.deporteseli.com\/index.php?rest_route=%2Fwp%2Fv2%2Fproduct_cat&post=35535"},{"taxonomy":"product_tag","embeddable":true,"href":"https:\/\/www.deporteseli.com\/index.php?rest_route=%2Fwp%2Fv2%2Fproduct_tag&post=35535"}],"curies":[{"name":"wp","href":"https:\/\/api.w.org\/{rel}","templated":true}]}}