{"id":35530,"date":"2026-01-27T16:51:17","date_gmt":"2026-01-27T16:51:17","guid":{"rendered":"https:\/\/www.deporteseli.com\/?product=chancla-adilette-aqua-3"},"modified":"2026-01-27T16:51:23","modified_gmt":"2026-01-27T16:51:23","slug":"chancla-adilette-aqua-3","status":"publish","type":"product","link":"https:\/\/www.deporteseli.com\/?product=chancla-adilette-aqua-3","title":{"rendered":"CHANCLA ADILETTE AQUA"},"content":{"rendered":"<p>LA AUTENTICIDAD DEL ORIGINAL  El dise\u00f1o de esta chancla creada para los m\u00e1s peque\u00f1os refleja el mejor legado de adidas. Presenta una banda de EVA moldeada de una sola pieza y las 3 bandas en la parte superior. Incluye una plantilla suave confeccionada en un material de secado r\u00e1pido que aporta una gran amortiguaci\u00f3n y confort.  DETALLES  Horma cl\u00e1sica  Sin cordones  Banda de EVA moldeada de una sola pieza  Plantilla Cloudfoam suave  Dise\u00f1o ligero  Color del art\u00edculo: Solar Blue \/ Cloud White \/ Solar Blue  N\u00famero de art\u00edculo: FY8071                                                                                                                                                                                                                                                                                                                                                                                                                                                                                                                                                                                                                                                                                                                                                                                                                                                                                                                                                                                                                                        <\/p>\n","protected":false},"excerpt":{"rendered":"<p>CHANCLA ADILETTE AQUA<\/p>\n","protected":false},"featured_media":50228,"template":"","meta":[],"product_brand":[],"product_cat":[314],"product_tag":[18],"class_list":{"0":"post-35530","1":"product","2":"type-product","3":"status-publish","4":"has-post-thumbnail","6":"product_cat-nino_calzado_cholas","7":"product_tag-adidas","8":"pa_color-unico","9":"pa_talla-127","10":"pa_talla-133","11":"pa_talla-141","12":"pa_talla-145","13":"thunk-woo-product-list","14":"opn-qv-enable","15":"open-woo-hover-","16":"open-single-product-tab-horizontal","17":"open-shadow-","18":"open-shadow-hover-","20":"first","21":"instock","22":"shipping-taxable","23":"purchasable","24":"product-type-variable"},"jetpack_sharing_enabled":true,"_links":{"self":[{"href":"https:\/\/www.deporteseli.com\/index.php?rest_route=\/wp\/v2\/product\/35530","targetHints":{"allow":["GET"]}}],"collection":[{"href":"https:\/\/www.deporteseli.com\/index.php?rest_route=\/wp\/v2\/product"}],"about":[{"href":"https:\/\/www.deporteseli.com\/index.php?rest_route=\/wp\/v2\/types\/product"}],"wp:featuredmedia":[{"embeddable":true,"href":"https:\/\/www.deporteseli.com\/index.php?rest_route=\/wp\/v2\/media\/50228"}],"wp:attachment":[{"href":"https:\/\/www.deporteseli.com\/index.php?rest_route=%2Fwp%2Fv2%2Fmedia&parent=35530"}],"wp:term":[{"taxonomy":"product_brand","embeddable":true,"href":"https:\/\/www.deporteseli.com\/index.php?rest_route=%2Fwp%2Fv2%2Fproduct_brand&post=35530"},{"taxonomy":"product_cat","embeddable":true,"href":"https:\/\/www.deporteseli.com\/index.php?rest_route=%2Fwp%2Fv2%2Fproduct_cat&post=35530"},{"taxonomy":"product_tag","embeddable":true,"href":"https:\/\/www.deporteseli.com\/index.php?rest_route=%2Fwp%2Fv2%2Fproduct_tag&post=35530"}],"curies":[{"name":"wp","href":"https:\/\/api.w.org\/{rel}","templated":true}]}}