{"id":35523,"date":"2026-01-27T16:51:06","date_gmt":"2026-01-27T16:51:06","guid":{"rendered":"https:\/\/www.deporteseli.com\/?product=linterna-clip-solidline-sc2r-led-lenser"},"modified":"2026-01-27T16:51:08","modified_gmt":"2026-01-27T16:51:08","slug":"linterna-clip-solidline-sc2r-led-lenser","status":"publish","type":"product","link":"https:\/\/www.deporteseli.com\/?product=linterna-clip-solidline-sc2r-led-lenser","title":{"rendered":"LINTERNA CLIP SOLIDLINE SC2R LED LENSER"},"content":{"rendered":"<p>Extremadamente pr\u00e1ctico    Vers\u00e1til, brillante y superligera: la l\u00e1mpara multiusos con clip SC2R es una herramienta pr\u00e1ctica para cualquiera que necesite una luz en cualquier momento. Te permite tener las manos libres y gracias tanto a su clip como a su im\u00e1n integrado podr\u00e1s sujetarlo de varias formas, p. ejemplo  gorras, mochilas, superficiesmet\u00e1licas\u2026    La r\u00f3tula del SC2R permite adem\u00e1s que el cabezal de la l\u00e1mpara pueda enfocar en pr\u00e1cticamente cualquier direcci\u00f3n.  La bater\u00eda integrada se puede recargar f\u00e1cilmente en cualquier momento con elpuerto micro-USB.    Caracter\u00edsticas:    * Potente LED de luz blanca y roja con cinco modos de luz.  * Clip compatible con sistema MOLLE para sujetar f\u00e1cilmente a la ropa, gorra,  cintur\u00f3n o mochila.  * Im\u00e1n incorporado para fijaci\u00f3n a superficies met\u00e1licas.  * Bater\u00eda integrada, recargable a trav\u00e9s del puerto micro-USB.  * Carcasa compacta de policarbonato.  * IP44 resistente al agua y al polvo.                                                                                                                                                                                                                                                                                                                                                                                                                                                                                                                                                                                                                                                                                                                                                                                                                                                                                                                                                                                                                                        <\/p>\n","protected":false},"excerpt":{"rendered":"<p>LINTERNA CLIP SOLIDLINE SC2R LED LENSER<\/p>\n","protected":false},"featured_media":50221,"template":"","meta":[],"product_brand":[],"product_cat":[242],"product_tag":[50],"class_list":{"0":"post-35523","1":"product","2":"type-product","3":"status-publish","4":"has-post-thumbnail","6":"product_cat-unisex_accesorios","7":"product_tag-solidline","8":"pa_color-unico","9":"pa_talla-unica","10":"thunk-woo-product-list","11":"opn-qv-enable","12":"open-woo-hover-","13":"open-single-product-tab-horizontal","14":"open-shadow-","15":"open-shadow-hover-","17":"first","18":"instock","19":"shipping-taxable","20":"purchasable","21":"product-type-variable"},"jetpack_sharing_enabled":true,"_links":{"self":[{"href":"https:\/\/www.deporteseli.com\/index.php?rest_route=\/wp\/v2\/product\/35523","targetHints":{"allow":["GET"]}}],"collection":[{"href":"https:\/\/www.deporteseli.com\/index.php?rest_route=\/wp\/v2\/product"}],"about":[{"href":"https:\/\/www.deporteseli.com\/index.php?rest_route=\/wp\/v2\/types\/product"}],"wp:featuredmedia":[{"embeddable":true,"href":"https:\/\/www.deporteseli.com\/index.php?rest_route=\/wp\/v2\/media\/50221"}],"wp:attachment":[{"href":"https:\/\/www.deporteseli.com\/index.php?rest_route=%2Fwp%2Fv2%2Fmedia&parent=35523"}],"wp:term":[{"taxonomy":"product_brand","embeddable":true,"href":"https:\/\/www.deporteseli.com\/index.php?rest_route=%2Fwp%2Fv2%2Fproduct_brand&post=35523"},{"taxonomy":"product_cat","embeddable":true,"href":"https:\/\/www.deporteseli.com\/index.php?rest_route=%2Fwp%2Fv2%2Fproduct_cat&post=35523"},{"taxonomy":"product_tag","embeddable":true,"href":"https:\/\/www.deporteseli.com\/index.php?rest_route=%2Fwp%2Fv2%2Fproduct_tag&post=35523"}],"curies":[{"name":"wp","href":"https:\/\/api.w.org\/{rel}","templated":true}]}}