{"id":35478,"date":"2026-01-27T16:50:03","date_gmt":"2026-01-27T16:50:03","guid":{"rendered":"https:\/\/www.deporteseli.com\/?product=calzoncillos-boxer-logo"},"modified":"2026-01-27T16:50:05","modified_gmt":"2026-01-27T16:50:05","slug":"calzoncillos-boxer-logo","status":"publish","type":"product","link":"https:\/\/www.deporteseli.com\/?product=calzoncillos-boxer-logo","title":{"rendered":"CALZONCILLOS B\u00f3XER LOGO"},"content":{"rendered":"<p>CALZONCILLOS B\u00d3XER LOGO  TUS ALIADOS EN EL D\u00cdA A D\u00cdA  Actualiza una de tus prendas b\u00e1sicas m\u00e1s importantes con estos calzoncillos adidas tipo b\u00f3xer. Presentan un dise\u00f1o que se mantiene en su sitio y te aporta la sujeci\u00f3n que necesitas para practicar deporte o moverte por la ciudad. Su tejido ligero y transpirable te permite afrontar el d\u00eda con comodidad.    Nuestros productos de algod\u00f3n se han fabricado de forma sostenible y ayudan a acabar con los residuos pl\u00e1sticos.  DETALLES  Cintura el\u00e1stica  Punto 57% algod\u00f3n \/ 38% poli\u00e9ster \/ 5% elast\u00e1n  Tacto suave  Tres pares por paquete  Cierre de bragueta  Dise\u00f1o que se mantiene en su sitio  Dise\u00f1o ligero y transpirable  Color del art\u00edculo: Black \/ Medium Grey Heather \/ Crew Navy  N\u00famero de art\u00edculo: GN2017                                                                                                                                                                                                                                                                                                                                                                                                                                                                                                                                                                                                                                                                                                                                                                                                                                                                                                                                                                                                                                        <\/p>\n","protected":false},"excerpt":{"rendered":"<p>CALZONCILLOS B\u00f3XER LOGO<\/p>\n","protected":false},"featured_media":50206,"template":"","meta":[],"product_brand":[],"product_cat":[249],"product_tag":[18],"class_list":{"0":"post-35478","1":"product","2":"type-product","3":"status-publish","4":"has-post-thumbnail","6":"product_cat-hombre_textil_ropa_interior","7":"product_tag-adidas","8":"pa_color-unico","9":"pa_talla-m","10":"thunk-woo-product-list","11":"opn-qv-enable","12":"open-woo-hover-","13":"open-single-product-tab-horizontal","14":"open-shadow-","15":"open-shadow-hover-","17":"first","18":"instock","19":"shipping-taxable","20":"purchasable","21":"product-type-variable"},"jetpack_sharing_enabled":true,"_links":{"self":[{"href":"https:\/\/www.deporteseli.com\/index.php?rest_route=\/wp\/v2\/product\/35478","targetHints":{"allow":["GET"]}}],"collection":[{"href":"https:\/\/www.deporteseli.com\/index.php?rest_route=\/wp\/v2\/product"}],"about":[{"href":"https:\/\/www.deporteseli.com\/index.php?rest_route=\/wp\/v2\/types\/product"}],"wp:featuredmedia":[{"embeddable":true,"href":"https:\/\/www.deporteseli.com\/index.php?rest_route=\/wp\/v2\/media\/50206"}],"wp:attachment":[{"href":"https:\/\/www.deporteseli.com\/index.php?rest_route=%2Fwp%2Fv2%2Fmedia&parent=35478"}],"wp:term":[{"taxonomy":"product_brand","embeddable":true,"href":"https:\/\/www.deporteseli.com\/index.php?rest_route=%2Fwp%2Fv2%2Fproduct_brand&post=35478"},{"taxonomy":"product_cat","embeddable":true,"href":"https:\/\/www.deporteseli.com\/index.php?rest_route=%2Fwp%2Fv2%2Fproduct_cat&post=35478"},{"taxonomy":"product_tag","embeddable":true,"href":"https:\/\/www.deporteseli.com\/index.php?rest_route=%2Fwp%2Fv2%2Fproduct_tag&post=35478"}],"curies":[{"name":"wp","href":"https:\/\/api.w.org\/{rel}","templated":true}]}}