{"id":35474,"date":"2026-01-27T16:49:58","date_gmt":"2026-01-27T16:49:58","guid":{"rendered":"https:\/\/www.deporteseli.com\/?product=short-ellesse-tour-tie-21"},"modified":"2026-01-27T16:50:03","modified_gmt":"2026-01-27T16:50:03","slug":"short-ellesse-tour-tie-21","status":"publish","type":"product","link":"https:\/\/www.deporteseli.com\/?product=short-ellesse-tour-tie-21","title":{"rendered":"SHORT ELLESSE TOUR TIE\/21"},"content":{"rendered":"<p>Ellesse nos presenta este short para mujer, confeccionado en tejido mezcla de algod\u00f3n y elastano por lo que resulta bastante el\u00e1stico. Ofrece un estampado tie dye en tonos pastel, un dise\u00f1o que es tendencia esta temporada.  95% Algod\u00f3n 5% Elastano                                                                                                                                                                                                                                                                                                                                                                                                                                                                                                                                                                                                                                                                                                                                                                                                                                                                                                                                                                                                                                        <\/p>\n","protected":false},"excerpt":{"rendered":"<p>SHORT ELLESSE TOUR TIE\/21<\/p>\n","protected":false},"featured_media":50203,"template":"","meta":[],"product_brand":[],"product_cat":[277],"product_tag":[52],"class_list":{"0":"post-35474","1":"product","2":"type-product","3":"status-publish","4":"has-post-thumbnail","6":"product_cat-mujer_textil_shorts","7":"product_tag-ellesse","8":"pa_color-unico","9":"pa_talla-l","10":"pa_talla-m","11":"pa_talla-s","12":"thunk-woo-product-list","13":"opn-qv-enable","14":"open-woo-hover-","15":"open-single-product-tab-horizontal","16":"open-shadow-","17":"open-shadow-hover-","19":"first","20":"instock","21":"shipping-taxable","22":"purchasable","23":"product-type-variable"},"jetpack_sharing_enabled":true,"_links":{"self":[{"href":"https:\/\/www.deporteseli.com\/index.php?rest_route=\/wp\/v2\/product\/35474","targetHints":{"allow":["GET"]}}],"collection":[{"href":"https:\/\/www.deporteseli.com\/index.php?rest_route=\/wp\/v2\/product"}],"about":[{"href":"https:\/\/www.deporteseli.com\/index.php?rest_route=\/wp\/v2\/types\/product"}],"wp:featuredmedia":[{"embeddable":true,"href":"https:\/\/www.deporteseli.com\/index.php?rest_route=\/wp\/v2\/media\/50203"}],"wp:attachment":[{"href":"https:\/\/www.deporteseli.com\/index.php?rest_route=%2Fwp%2Fv2%2Fmedia&parent=35474"}],"wp:term":[{"taxonomy":"product_brand","embeddable":true,"href":"https:\/\/www.deporteseli.com\/index.php?rest_route=%2Fwp%2Fv2%2Fproduct_brand&post=35474"},{"taxonomy":"product_cat","embeddable":true,"href":"https:\/\/www.deporteseli.com\/index.php?rest_route=%2Fwp%2Fv2%2Fproduct_cat&post=35474"},{"taxonomy":"product_tag","embeddable":true,"href":"https:\/\/www.deporteseli.com\/index.php?rest_route=%2Fwp%2Fv2%2Fproduct_tag&post=35474"}],"curies":[{"name":"wp","href":"https:\/\/api.w.org\/{rel}","templated":true}]}}