{"id":35461,"date":"2026-01-27T16:49:42","date_gmt":"2026-01-27T16:49:42","guid":{"rendered":"https:\/\/www.deporteseli.com\/?product=camisa-ellesse-campa-black-21"},"modified":"2026-01-27T16:49:44","modified_gmt":"2026-01-27T16:49:44","slug":"camisa-ellesse-campa-black-21","status":"publish","type":"product","link":"https:\/\/www.deporteseli.com\/?product=camisa-ellesse-campa-black-21","title":{"rendered":"CAMISA ELLESSE CAMPA BLACK\/21"},"content":{"rendered":"<p>Camiseta Ellesse Campa negra para hombre con el logo en forma redondeada simulando una pelota de basquet. Fabricada en algod\u00f3n premium, manga corta, cuello redondo y corte est\u00e1ndar. Dise\u00f1o exclusivo hecho con un original dibujo en el pecho que combina los colores cl\u00e1sicos de la marca italiana rodeados por los nombres de las ciudades de Mil\u00e1n, Par\u00eds, Berl\u00edn, Londres, Tokyo y Nueva York. Logotipo Ellesse con letras amarillas.  100% Algod\u00f3n                                                                                                                                                                                                                                                                                                                                                                                                                                                                                                                                                                                                                                                                                                                                                                                                                                                                                                                                                                                                                                        <\/p>\n","protected":false},"excerpt":{"rendered":"<p>CAMISA ELLESSE CAMPA BLACK\/21<\/p>\n","protected":false},"featured_media":50192,"template":"","meta":[],"product_brand":[],"product_cat":[245],"product_tag":[52],"class_list":{"0":"post-35461","1":"product","2":"type-product","3":"status-publish","4":"has-post-thumbnail","6":"product_cat-hombre_textil_camisetas","7":"product_tag-ellesse","8":"pa_color-unico","9":"pa_talla-xl","10":"thunk-woo-product-list","11":"opn-qv-enable","12":"open-woo-hover-","13":"open-single-product-tab-horizontal","14":"open-shadow-","15":"open-shadow-hover-","17":"first","18":"instock","19":"shipping-taxable","20":"purchasable","21":"product-type-variable"},"jetpack_sharing_enabled":true,"_links":{"self":[{"href":"https:\/\/www.deporteseli.com\/index.php?rest_route=\/wp\/v2\/product\/35461","targetHints":{"allow":["GET"]}}],"collection":[{"href":"https:\/\/www.deporteseli.com\/index.php?rest_route=\/wp\/v2\/product"}],"about":[{"href":"https:\/\/www.deporteseli.com\/index.php?rest_route=\/wp\/v2\/types\/product"}],"wp:featuredmedia":[{"embeddable":true,"href":"https:\/\/www.deporteseli.com\/index.php?rest_route=\/wp\/v2\/media\/50192"}],"wp:attachment":[{"href":"https:\/\/www.deporteseli.com\/index.php?rest_route=%2Fwp%2Fv2%2Fmedia&parent=35461"}],"wp:term":[{"taxonomy":"product_brand","embeddable":true,"href":"https:\/\/www.deporteseli.com\/index.php?rest_route=%2Fwp%2Fv2%2Fproduct_brand&post=35461"},{"taxonomy":"product_cat","embeddable":true,"href":"https:\/\/www.deporteseli.com\/index.php?rest_route=%2Fwp%2Fv2%2Fproduct_cat&post=35461"},{"taxonomy":"product_tag","embeddable":true,"href":"https:\/\/www.deporteseli.com\/index.php?rest_route=%2Fwp%2Fv2%2Fproduct_tag&post=35461"}],"curies":[{"name":"wp","href":"https:\/\/api.w.org\/{rel}","templated":true}]}}