{"id":35459,"date":"2026-01-27T16:49:40","date_gmt":"2026-01-27T16:49:40","guid":{"rendered":"https:\/\/www.deporteseli.com\/?product=camiseta-prime"},"modified":"2026-01-27T16:49:42","modified_gmt":"2026-01-27T16:49:42","slug":"camiseta-prime","status":"publish","type":"product","link":"https:\/\/www.deporteseli.com\/?product=camiseta-prime","title":{"rendered":"CAMISETA PRIME"},"content":{"rendered":"<p>ESTILO Y VERSATILIDAD PARA ENTRENAR  Te has apuntado al gimnasio. Ya solo necesitas una camiseta con la que empezar a entrenar. Esta camiseta de entrenamiento de adidas se ha confeccionado en un tejido ligero y transpirable que permanece seco mientras entrenas. Presenta un dise\u00f1o ajustado muy favorecedor.  DETALLES  Corte entallado  Cuello redondo  Punto 65% poli\u00e9ster reciclado \/ 35% algod\u00f3n  Camiseta larga  Tejido transpirable AEROREADY  Dobladillo curvado con costuras laterales abiertas  Colaboramos con la organizaci\u00f3n Better Cotton Initiative para favorecer el cultivo de algod\u00f3n org\u00e1nico  esta prenda se ha confeccionado con poli\u00e9ster reciclado para ahorrar recursos y reducir emisiones  Color del art\u00edculo: Black \/ White  N\u00famero de art\u00edculo: FL8782                                                                                                                                                                                                                                                                                                                                                                                                                                                                                                                                                                                                                                                                                                                                                                                                                                                                                                                                                                                                                                        <\/p>\n","protected":false},"excerpt":{"rendered":"<p>CAMISETA PRIME<\/p>\n","protected":false},"featured_media":50190,"template":"","meta":[],"product_brand":[],"product_cat":[269],"product_tag":[18],"class_list":{"0":"post-35459","1":"product","2":"type-product","3":"status-publish","4":"has-post-thumbnail","6":"product_cat-mujer_textil_camisetas","7":"product_tag-adidas","8":"pa_color-unico","9":"pa_talla-s","10":"thunk-woo-product-list","11":"opn-qv-enable","12":"open-woo-hover-","13":"open-single-product-tab-horizontal","14":"open-shadow-","15":"open-shadow-hover-","17":"first","18":"instock","19":"shipping-taxable","20":"purchasable","21":"product-type-variable"},"jetpack_sharing_enabled":true,"_links":{"self":[{"href":"https:\/\/www.deporteseli.com\/index.php?rest_route=\/wp\/v2\/product\/35459","targetHints":{"allow":["GET"]}}],"collection":[{"href":"https:\/\/www.deporteseli.com\/index.php?rest_route=\/wp\/v2\/product"}],"about":[{"href":"https:\/\/www.deporteseli.com\/index.php?rest_route=\/wp\/v2\/types\/product"}],"wp:featuredmedia":[{"embeddable":true,"href":"https:\/\/www.deporteseli.com\/index.php?rest_route=\/wp\/v2\/media\/50190"}],"wp:attachment":[{"href":"https:\/\/www.deporteseli.com\/index.php?rest_route=%2Fwp%2Fv2%2Fmedia&parent=35459"}],"wp:term":[{"taxonomy":"product_brand","embeddable":true,"href":"https:\/\/www.deporteseli.com\/index.php?rest_route=%2Fwp%2Fv2%2Fproduct_brand&post=35459"},{"taxonomy":"product_cat","embeddable":true,"href":"https:\/\/www.deporteseli.com\/index.php?rest_route=%2Fwp%2Fv2%2Fproduct_cat&post=35459"},{"taxonomy":"product_tag","embeddable":true,"href":"https:\/\/www.deporteseli.com\/index.php?rest_route=%2Fwp%2Fv2%2Fproduct_tag&post=35459"}],"curies":[{"name":"wp","href":"https:\/\/api.w.org\/{rel}","templated":true}]}}