{"id":35455,"date":"2026-01-27T16:49:36","date_gmt":"2026-01-27T16:49:36","guid":{"rendered":"https:\/\/www.deporteseli.com\/?product=banador-de-tres-segundos"},"modified":"2026-01-27T16:49:37","modified_gmt":"2026-01-27T16:49:37","slug":"banador-de-tres-segundos","status":"publish","type":"product","link":"https:\/\/www.deporteseli.com\/?product=banador-de-tres-segundos","title":{"rendered":"BA\u00f1ADOR DE TRES SEGUNDOS"},"content":{"rendered":"<p>C\u00d3MODO BA\u00d1ADOR FABRICADO CON MATERIALES RECICLADOS.  Salta a la piscina y siente que tus preocupaciones diarias se disuelven en el agua. Estos ba\u00f1adores adidas convierten la nataci\u00f3n en 45 minutos de felicidad. Est\u00e1n hechos de un tejido resistente al cloro con fibras procedentes de redes de pesca recicladas y otros productos a base de nailon. Las 3 bandas contrastantes en un lado acent\u00faan el aspecto deportivo. Confeccionado en tejido resistente al cloro con fibras ECONYL\u00ae.  SOBRE EL MODELO  Cintura el\u00e1stica con cord\u00f3n  Infinitex Fitness Eco Jersey: 78% nailon reciclado, 22% elastano  Forro de punto suave  Tejido suave y ultrasuave  Tejido resistente al cloro  Protecci\u00f3n UV 50   Material Primeblue  Color mostrado: Hazy Emerald \/ Crew Navy  N\u00famero de modelo: GM3544                                                                                                                                                                                                                                                                                                                                                                                                                                                                                                                                                                                                                                                                                                                                                                                                                                                                                                                                                                                                                                        <\/p>\n","protected":false},"excerpt":{"rendered":"<p>BA\u00f1ADOR DE TRES SEGUNDOS<\/p>\n","protected":false},"featured_media":50182,"template":"","meta":[],"product_brand":[],"product_cat":[246],"product_tag":[18],"class_list":{"0":"post-35455","1":"product","2":"type-product","3":"status-publish","4":"has-post-thumbnail","6":"product_cat-hombre_textil_banadores","7":"product_tag-adidas","8":"pa_color-unico","9":"pa_talla-s","10":"thunk-woo-product-list","11":"opn-qv-enable","12":"open-woo-hover-","13":"open-single-product-tab-horizontal","14":"open-shadow-","15":"open-shadow-hover-","17":"first","18":"instock","19":"shipping-taxable","20":"purchasable","21":"product-type-variable"},"jetpack_sharing_enabled":true,"_links":{"self":[{"href":"https:\/\/www.deporteseli.com\/index.php?rest_route=\/wp\/v2\/product\/35455","targetHints":{"allow":["GET"]}}],"collection":[{"href":"https:\/\/www.deporteseli.com\/index.php?rest_route=\/wp\/v2\/product"}],"about":[{"href":"https:\/\/www.deporteseli.com\/index.php?rest_route=\/wp\/v2\/types\/product"}],"wp:featuredmedia":[{"embeddable":true,"href":"https:\/\/www.deporteseli.com\/index.php?rest_route=\/wp\/v2\/media\/50182"}],"wp:attachment":[{"href":"https:\/\/www.deporteseli.com\/index.php?rest_route=%2Fwp%2Fv2%2Fmedia&parent=35455"}],"wp:term":[{"taxonomy":"product_brand","embeddable":true,"href":"https:\/\/www.deporteseli.com\/index.php?rest_route=%2Fwp%2Fv2%2Fproduct_brand&post=35455"},{"taxonomy":"product_cat","embeddable":true,"href":"https:\/\/www.deporteseli.com\/index.php?rest_route=%2Fwp%2Fv2%2Fproduct_cat&post=35455"},{"taxonomy":"product_tag","embeddable":true,"href":"https:\/\/www.deporteseli.com\/index.php?rest_route=%2Fwp%2Fv2%2Fproduct_tag&post=35455"}],"curies":[{"name":"wp","href":"https:\/\/api.w.org\/{rel}","templated":true}]}}