{"id":35394,"date":"2026-01-27T16:48:16","date_gmt":"2026-01-27T16:48:16","guid":{"rendered":"https:\/\/www.deporteseli.com\/?product=head-lynx-edge-cordaje-de-tenis"},"modified":"2026-01-27T16:48:17","modified_gmt":"2026-01-27T16:48:17","slug":"head-lynx-edge-cordaje-de-tenis","status":"publish","type":"product","link":"https:\/\/www.deporteseli.com\/?product=head-lynx-edge-cordaje-de-tenis","title":{"rendered":"HEAD LYNX EDGE CORDAJE DE TENIS"},"content":{"rendered":"<p>Su exclusiva forma heptagonal a\u00f1ade potencia al tiro, convirti\u00e9ndola en la opci\u00f3n perfecta para el jugador agresivo que busca un golpe de mayor efecto  La nueva combinaci\u00f3n de copol\u00edmeros con la que se ha elaborado esta cuerda te dan el toque en\u00e9rgico y de control que necesita un juego agresivo como el tuyo.                                                                                                                                                                                                                                                                                                                                                                                                                                                                                                                                                                                                                                                                                                                                                                                                                                                                                                                                                                                                                                        <\/p>\n","protected":false},"excerpt":{"rendered":"<p>HEAD LYNX EDGE CORDAJE DE TENIS<\/p>\n","protected":false},"featured_media":50145,"template":"","meta":[],"product_brand":[],"product_cat":[348],"product_tag":[22],"class_list":{"0":"post-35394","1":"product","2":"type-product","3":"status-publish","4":"has-post-thumbnail","6":"product_cat-deportes_tenis","7":"product_tag-head","8":"pa_color-unico","9":"pa_talla-unica","10":"thunk-woo-product-list","11":"opn-qv-enable","12":"open-woo-hover-","13":"open-single-product-tab-horizontal","14":"open-shadow-","15":"open-shadow-hover-","17":"first","18":"instock","19":"sale","20":"shipping-taxable","21":"purchasable","22":"product-type-variable"},"jetpack_sharing_enabled":true,"_links":{"self":[{"href":"https:\/\/www.deporteseli.com\/index.php?rest_route=\/wp\/v2\/product\/35394","targetHints":{"allow":["GET"]}}],"collection":[{"href":"https:\/\/www.deporteseli.com\/index.php?rest_route=\/wp\/v2\/product"}],"about":[{"href":"https:\/\/www.deporteseli.com\/index.php?rest_route=\/wp\/v2\/types\/product"}],"wp:featuredmedia":[{"embeddable":true,"href":"https:\/\/www.deporteseli.com\/index.php?rest_route=\/wp\/v2\/media\/50145"}],"wp:attachment":[{"href":"https:\/\/www.deporteseli.com\/index.php?rest_route=%2Fwp%2Fv2%2Fmedia&parent=35394"}],"wp:term":[{"taxonomy":"product_brand","embeddable":true,"href":"https:\/\/www.deporteseli.com\/index.php?rest_route=%2Fwp%2Fv2%2Fproduct_brand&post=35394"},{"taxonomy":"product_cat","embeddable":true,"href":"https:\/\/www.deporteseli.com\/index.php?rest_route=%2Fwp%2Fv2%2Fproduct_cat&post=35394"},{"taxonomy":"product_tag","embeddable":true,"href":"https:\/\/www.deporteseli.com\/index.php?rest_route=%2Fwp%2Fv2%2Fproduct_tag&post=35394"}],"curies":[{"name":"wp","href":"https:\/\/api.w.org\/{rel}","templated":true}]}}