{"id":35392,"date":"2026-01-27T16:48:14","date_gmt":"2026-01-27T16:48:14","guid":{"rendered":"https:\/\/www.deporteseli.com\/?product=camisa-adidas-gl6210"},"modified":"2026-01-27T16:48:15","modified_gmt":"2026-01-27T16:48:15","slug":"camisa-adidas-gl6210","status":"publish","type":"product","link":"https:\/\/www.deporteseli.com\/?product=camisa-adidas-gl6210","title":{"rendered":"CAMISA ADIDAS GL6210"},"content":{"rendered":"<p>BRILLA EN CADA PARTIDO  Ilumina la pista de tenis con esta camiseta de tirantes adidas para j\u00f3venes deportistas. Los bloques de color le confieren un toque din\u00e1mico y el dise\u00f1o de espalda deportiva te proporciona una total libertad de movimiento. Su tejido suave con paneles de malla incorpora la tecnolog\u00eda transpirable AEROREADY que mantiene la piel fresca y seca.    Este producto se ha fabricado con Primegreen, una combinaci\u00f3n de materiales reciclados de alto rendimiento.  DETALLES  Corte cl\u00e1sico  Escote redondo  Interlock 100% poli\u00e9ster reciclado  Tejido transpirable  Espalda deportiva  Malla transpirable  Dise\u00f1o con bloques de color    N\u00famero de art\u00edculo: GL6210                                                                                                                                                                                                                                                                                                                                                                                                                                                                                                                                                                                                                                                                                                                                                                                                                                                                                                                                                                                                                                        <\/p>\n","protected":false},"excerpt":{"rendered":"<p>CAMISA ADIDAS GL6210<\/p>\n","protected":false},"featured_media":50141,"template":"","meta":[],"product_brand":[],"product_cat":[364],"product_tag":[18],"class_list":{"0":"post-35392","1":"product","2":"type-product","3":"status-publish","4":"has-post-thumbnail","6":"product_cat-padel_y_tenis_textil_camisas","7":"product_tag-adidas","8":"pa_color-unico","9":"pa_talla-t-14","10":"thunk-woo-product-list","11":"opn-qv-enable","12":"open-woo-hover-","13":"open-single-product-tab-horizontal","14":"open-shadow-","15":"open-shadow-hover-","17":"first","18":"instock","19":"shipping-taxable","20":"purchasable","21":"product-type-variable"},"jetpack_sharing_enabled":true,"_links":{"self":[{"href":"https:\/\/www.deporteseli.com\/index.php?rest_route=\/wp\/v2\/product\/35392","targetHints":{"allow":["GET"]}}],"collection":[{"href":"https:\/\/www.deporteseli.com\/index.php?rest_route=\/wp\/v2\/product"}],"about":[{"href":"https:\/\/www.deporteseli.com\/index.php?rest_route=\/wp\/v2\/types\/product"}],"wp:featuredmedia":[{"embeddable":true,"href":"https:\/\/www.deporteseli.com\/index.php?rest_route=\/wp\/v2\/media\/50141"}],"wp:attachment":[{"href":"https:\/\/www.deporteseli.com\/index.php?rest_route=%2Fwp%2Fv2%2Fmedia&parent=35392"}],"wp:term":[{"taxonomy":"product_brand","embeddable":true,"href":"https:\/\/www.deporteseli.com\/index.php?rest_route=%2Fwp%2Fv2%2Fproduct_brand&post=35392"},{"taxonomy":"product_cat","embeddable":true,"href":"https:\/\/www.deporteseli.com\/index.php?rest_route=%2Fwp%2Fv2%2Fproduct_cat&post=35392"},{"taxonomy":"product_tag","embeddable":true,"href":"https:\/\/www.deporteseli.com\/index.php?rest_route=%2Fwp%2Fv2%2Fproduct_tag&post=35392"}],"curies":[{"name":"wp","href":"https:\/\/api.w.org\/{rel}","templated":true}]}}