{"id":35389,"date":"2026-01-27T16:48:10","date_gmt":"2026-01-27T16:48:10","guid":{"rendered":"https:\/\/www.deporteseli.com\/?product=camiseta-de-tirantes-pop-up"},"modified":"2026-03-07T05:17:48","modified_gmt":"2026-03-07T05:17:48","slug":"camiseta-de-tirantes-pop-up","status":"publish","type":"product","link":"https:\/\/www.deporteseli.com\/?product=camiseta-de-tirantes-pop-up","title":{"rendered":"CAMISETA DE TIRANTES POP-UP"},"content":{"rendered":"<p>BRILLA EN CADA PARTIDO  Ilumina la pista de tenis con esta camiseta de tirantes adidas para j\u00f3venes deportistas. Los bloques de color le confieren un toque din\u00e1mico y el dise\u00f1o de espalda deportiva te proporciona una total libertad de movimiento. Su tejido suave con paneles de malla incorpora la tecnolog\u00eda transpirable AEROREADY que mantiene la piel fresca y seca.    Este producto se ha fabricado con Primegreen, una combinaci\u00f3n de materiales reciclados de alto rendimiento.  DETALLES  Corte cl\u00e1sico  Escote redondo  Interlock 100% poli\u00e9ster reciclado  Tejido transpirable  Espalda deportiva  Malla transpirable  Dise\u00f1o con bloques de color  Primegreen  Color del art\u00edculo: Wild Pink \/ Screaming Pink  N\u00famero de art\u00edculo: GK3012                                                                                                                                                                                                                                                                                                                                                                                                                                                                                                                                                                                                                                                                                                                                                                                                                                                                                                                                                                                                                                        <\/p>\n","protected":false},"excerpt":{"rendered":"<p>CAMISETA DE TIRANTES POP-UP<\/p>\n","protected":false},"featured_media":50137,"template":"","meta":[],"product_brand":[],"product_cat":[364],"product_tag":[18],"class_list":{"0":"post-35389","1":"product","2":"type-product","3":"status-publish","4":"has-post-thumbnail","6":"product_cat-padel_y_tenis_textil_camisas","7":"product_tag-adidas","8":"pa_color-unico","9":"pa_talla-t-14","10":"pa_talla-t-16","11":"thunk-woo-product-list","12":"opn-qv-enable","13":"open-woo-hover-","14":"open-single-product-tab-horizontal","15":"open-shadow-","16":"open-shadow-hover-","18":"first","19":"instock","20":"shipping-taxable","21":"purchasable","22":"product-type-variable"},"jetpack_sharing_enabled":true,"_links":{"self":[{"href":"https:\/\/www.deporteseli.com\/index.php?rest_route=\/wp\/v2\/product\/35389","targetHints":{"allow":["GET"]}}],"collection":[{"href":"https:\/\/www.deporteseli.com\/index.php?rest_route=\/wp\/v2\/product"}],"about":[{"href":"https:\/\/www.deporteseli.com\/index.php?rest_route=\/wp\/v2\/types\/product"}],"wp:featuredmedia":[{"embeddable":true,"href":"https:\/\/www.deporteseli.com\/index.php?rest_route=\/wp\/v2\/media\/50137"}],"wp:attachment":[{"href":"https:\/\/www.deporteseli.com\/index.php?rest_route=%2Fwp%2Fv2%2Fmedia&parent=35389"}],"wp:term":[{"taxonomy":"product_brand","embeddable":true,"href":"https:\/\/www.deporteseli.com\/index.php?rest_route=%2Fwp%2Fv2%2Fproduct_brand&post=35389"},{"taxonomy":"product_cat","embeddable":true,"href":"https:\/\/www.deporteseli.com\/index.php?rest_route=%2Fwp%2Fv2%2Fproduct_cat&post=35389"},{"taxonomy":"product_tag","embeddable":true,"href":"https:\/\/www.deporteseli.com\/index.php?rest_route=%2Fwp%2Fv2%2Fproduct_tag&post=35389"}],"curies":[{"name":"wp","href":"https:\/\/api.w.org\/{rel}","templated":true}]}}