{"id":35386,"date":"2026-01-27T16:48:06","date_gmt":"2026-01-27T16:48:06","guid":{"rendered":"https:\/\/www.deporteseli.com\/?product=calcetines-piqui"},"modified":"2026-03-15T05:18:25","modified_gmt":"2026-03-15T05:18:25","slug":"calcetines-piqui","status":"publish","type":"product","link":"https:\/\/www.deporteseli.com\/?product=calcetines-piqui","title":{"rendered":"CALCETINES PIQUI"},"content":{"rendered":"<p>COMODIDAD Y ESTILO PARA TUS PIES  Presume de tobillo con este tr\u00edo de calcetines que no asoma por encima de la zapatilla. El refuerzo tejido en el arco aporta mayor sujeci\u00f3n y la costura anat\u00f3mica en la puntera te permite moverte con absoluta comodidad. El logotipo de adidas en el empeine te garantiza un estilo deportivo aut\u00e9ntico.  DETALLES  No asoman por encima de la zapatilla  65% algod\u00f3n \/ 31% poli\u00e9ster \/ 3% elast\u00e1n \/ 1% elastodieno  Tres pares por paquete  Tejido fino y ligero  Costura anat\u00f3mica en la puntera para una mayor comodidad  Refuerzo en el arco plantar  Color del art\u00edculo: Medium Grey Heather \/ White \/ Black  N\u00famero de art\u00edculo: DZ9414                                                                                                                                                                                                                                                                                                                                                                                                                                                                                                                                                                                                                                                                                                                                                                                                                                                                                                                                                                                                                                        <\/p>\n","protected":false},"excerpt":{"rendered":"<p>CALCETINES PIQUI<\/p>\n","protected":false},"featured_media":50136,"template":"","meta":[],"product_brand":[],"product_cat":[400],"product_tag":[18],"class_list":{"0":"post-35386","1":"product","2":"type-product","3":"status-publish","4":"has-post-thumbnail","6":"product_cat-accesorios_calcetines","7":"product_tag-adidas","8":"pa_color-unico","9":"pa_talla-35-38","10":"pa_talla-43-46","11":"thunk-woo-product-list","12":"opn-qv-enable","13":"open-woo-hover-","14":"open-single-product-tab-horizontal","15":"open-shadow-","16":"open-shadow-hover-","18":"first","19":"instock","20":"shipping-taxable","21":"purchasable","22":"product-type-variable"},"jetpack_sharing_enabled":true,"_links":{"self":[{"href":"https:\/\/www.deporteseli.com\/index.php?rest_route=\/wp\/v2\/product\/35386","targetHints":{"allow":["GET"]}}],"collection":[{"href":"https:\/\/www.deporteseli.com\/index.php?rest_route=\/wp\/v2\/product"}],"about":[{"href":"https:\/\/www.deporteseli.com\/index.php?rest_route=\/wp\/v2\/types\/product"}],"wp:featuredmedia":[{"embeddable":true,"href":"https:\/\/www.deporteseli.com\/index.php?rest_route=\/wp\/v2\/media\/50136"}],"wp:attachment":[{"href":"https:\/\/www.deporteseli.com\/index.php?rest_route=%2Fwp%2Fv2%2Fmedia&parent=35386"}],"wp:term":[{"taxonomy":"product_brand","embeddable":true,"href":"https:\/\/www.deporteseli.com\/index.php?rest_route=%2Fwp%2Fv2%2Fproduct_brand&post=35386"},{"taxonomy":"product_cat","embeddable":true,"href":"https:\/\/www.deporteseli.com\/index.php?rest_route=%2Fwp%2Fv2%2Fproduct_cat&post=35386"},{"taxonomy":"product_tag","embeddable":true,"href":"https:\/\/www.deporteseli.com\/index.php?rest_route=%2Fwp%2Fv2%2Fproduct_tag&post=35386"}],"curies":[{"name":"wp","href":"https:\/\/api.w.org\/{rel}","templated":true}]}}