{"id":35384,"date":"2026-01-27T16:48:04","date_gmt":"2026-01-27T16:48:04","guid":{"rendered":"https:\/\/www.deporteseli.com\/?product=camiseta-adidas-essentials-2"},"modified":"2026-01-27T16:48:05","modified_gmt":"2026-01-27T16:48:05","slug":"camiseta-adidas-essentials-2","status":"publish","type":"product","link":"https:\/\/www.deporteseli.com\/?product=camiseta-adidas-essentials-2","title":{"rendered":"CAMISETA ADIDAS ESSENTIALS"},"content":{"rendered":"<p>EL ESTILO DE ADIDAS QUE QUEDA GENIAL  \u00bfPara qui\u00e9n? Para ella. Porque le gusta la comodidad y la est\u00e9tica deportiva. El contraste entre el logotipo de adidas y los llamativos colores har\u00e1n de esta camiseta la favorita de los j\u00f3venes deportistas. Se ha confeccionado en punto de algod\u00f3n que ofrece una gran comodidad.    Nuestros productos de algod\u00f3n se han fabricado de forma sostenible y ayudan a acabar con los residuos pl\u00e1sticos.                                                                                                                                                                                                                                                                                                                                                                                                                                                                                                                                                                                                                                                                                                                                                                                                                                                                                                                                                                                                                                        <\/p>\n","protected":false},"excerpt":{"rendered":"<p>CAMISETA ADIDAS ESSENTIALS<\/p>\n","protected":false},"featured_media":50133,"template":"","meta":[],"product_brand":[],"product_cat":[376],"product_tag":[18],"class_list":{"0":"post-35384","1":"product","2":"type-product","3":"status-publish","4":"has-post-thumbnail","6":"product_cat-ninas_textil_camisetas","7":"product_tag-adidas","8":"pa_color-unico","9":"pa_talla-t-12","10":"thunk-woo-product-list","11":"opn-qv-enable","12":"open-woo-hover-","13":"open-single-product-tab-horizontal","14":"open-shadow-","15":"open-shadow-hover-","17":"first","18":"instock","19":"shipping-taxable","20":"purchasable","21":"product-type-variable"},"jetpack_sharing_enabled":true,"_links":{"self":[{"href":"https:\/\/www.deporteseli.com\/index.php?rest_route=\/wp\/v2\/product\/35384","targetHints":{"allow":["GET"]}}],"collection":[{"href":"https:\/\/www.deporteseli.com\/index.php?rest_route=\/wp\/v2\/product"}],"about":[{"href":"https:\/\/www.deporteseli.com\/index.php?rest_route=\/wp\/v2\/types\/product"}],"wp:featuredmedia":[{"embeddable":true,"href":"https:\/\/www.deporteseli.com\/index.php?rest_route=\/wp\/v2\/media\/50133"}],"wp:attachment":[{"href":"https:\/\/www.deporteseli.com\/index.php?rest_route=%2Fwp%2Fv2%2Fmedia&parent=35384"}],"wp:term":[{"taxonomy":"product_brand","embeddable":true,"href":"https:\/\/www.deporteseli.com\/index.php?rest_route=%2Fwp%2Fv2%2Fproduct_brand&post=35384"},{"taxonomy":"product_cat","embeddable":true,"href":"https:\/\/www.deporteseli.com\/index.php?rest_route=%2Fwp%2Fv2%2Fproduct_cat&post=35384"},{"taxonomy":"product_tag","embeddable":true,"href":"https:\/\/www.deporteseli.com\/index.php?rest_route=%2Fwp%2Fv2%2Fproduct_tag&post=35384"}],"curies":[{"name":"wp","href":"https:\/\/api.w.org\/{rel}","templated":true}]}}