{"id":35356,"date":"2026-01-27T16:47:25","date_gmt":"2026-01-27T16:47:25","guid":{"rendered":"https:\/\/www.deporteseli.com\/?product=adidas-endurance-packing-system-gl8557-negro"},"modified":"2026-01-27T16:47:26","modified_gmt":"2026-01-27T16:47:26","slug":"adidas-endurance-packing-system-gl8557-negro","status":"publish","type":"product","link":"https:\/\/www.deporteseli.com\/?product=adidas-endurance-packing-system-gl8557-negro","title":{"rendered":"ADIDAS ENDURANCE PACKING SYSTEM GL8557 NEGRO"},"content":{"rendered":"<p>Ata esta ri\u00f1onera adidas, coloca tu tel\u00e9fono en tu bolsillo interior y asegura tus llaves y billetera en el bolsillo frontal con cremallera. \u00bfEst\u00e1s listo para un viaje al gimnasio, al parque temprano en la ma\u00f1ana o un paseo por la tarde en la ciudad?    Este producto est\u00e1 elaborado con contenido reciclado como parte de nuestra ambici\u00f3n de acabar con los residuos pl\u00e1sticos.    CARACTERISTICAS    Correa de cintura ajustable con cierre de hebilla  Bolsillo frontal con cremallera  Bolsillo interior  Volumen: 7 L  Dobby 60% poli\u00e9ster, 40% poli\u00e9ster reciclado                                                                                                                                                                                                                                                                                                                                                                                                                                                                                                                                                                                                                                                                                                                                                                                                                                                                                                                                                                                                                                        <\/p>\n","protected":false},"excerpt":{"rendered":"<p>ADIDAS ENDURANCE PACKING SYSTEM GL8557 NEGRO<\/p>\n","protected":false},"featured_media":50103,"template":"","meta":[],"product_brand":[],"product_cat":[242],"product_tag":[18],"class_list":{"0":"post-35356","1":"product","2":"type-product","3":"status-publish","4":"has-post-thumbnail","6":"product_cat-unisex_accesorios","7":"product_tag-adidas","8":"pa_color-unico","9":"pa_talla-unica","10":"thunk-woo-product-list","11":"opn-qv-enable","12":"open-woo-hover-","13":"open-single-product-tab-horizontal","14":"open-shadow-","15":"open-shadow-hover-","17":"first","18":"instock","19":"shipping-taxable","20":"purchasable","21":"product-type-variable"},"jetpack_sharing_enabled":true,"_links":{"self":[{"href":"https:\/\/www.deporteseli.com\/index.php?rest_route=\/wp\/v2\/product\/35356","targetHints":{"allow":["GET"]}}],"collection":[{"href":"https:\/\/www.deporteseli.com\/index.php?rest_route=\/wp\/v2\/product"}],"about":[{"href":"https:\/\/www.deporteseli.com\/index.php?rest_route=\/wp\/v2\/types\/product"}],"wp:featuredmedia":[{"embeddable":true,"href":"https:\/\/www.deporteseli.com\/index.php?rest_route=\/wp\/v2\/media\/50103"}],"wp:attachment":[{"href":"https:\/\/www.deporteseli.com\/index.php?rest_route=%2Fwp%2Fv2%2Fmedia&parent=35356"}],"wp:term":[{"taxonomy":"product_brand","embeddable":true,"href":"https:\/\/www.deporteseli.com\/index.php?rest_route=%2Fwp%2Fv2%2Fproduct_brand&post=35356"},{"taxonomy":"product_cat","embeddable":true,"href":"https:\/\/www.deporteseli.com\/index.php?rest_route=%2Fwp%2Fv2%2Fproduct_cat&post=35356"},{"taxonomy":"product_tag","embeddable":true,"href":"https:\/\/www.deporteseli.com\/index.php?rest_route=%2Fwp%2Fv2%2Fproduct_tag&post=35356"}],"curies":[{"name":"wp","href":"https:\/\/api.w.org\/{rel}","templated":true}]}}