{"id":35351,"date":"2026-01-27T16:47:19","date_gmt":"2026-01-27T16:47:19","guid":{"rendered":"https:\/\/www.deporteseli.com\/?product=rinonera-workout-ready"},"modified":"2026-01-27T16:47:21","modified_gmt":"2026-01-27T16:47:21","slug":"rinonera-workout-ready","status":"publish","type":"product","link":"https:\/\/www.deporteseli.com\/?product=rinonera-workout-ready","title":{"rendered":"RI\u00f1ONERA WORKOUT READY"},"content":{"rendered":"<p>UNA RI\u00d1ONERA PARA TUS TRAYECTOS DIARIOS POR LA CIUDAD O AL GYM.  Pegada a ti. Esta ri\u00f1onera cuenta con el tama\u00f1o perfecto para guardar tus art\u00edculos m\u00e1s imprescindibles de forma segura. La correa regulable te permite ajustarla a medida.  DETALLES  100 % poli\u00e9ster.  6 cm x 23 cm x 10,5 cm  1,44 litros.  Compartimento principal con cremallera.  Correa ajustable con cierre de hebilla.  Color del art\u00edculo: Luminous Lilac  N\u00famero de art\u00edculo: GM5877                                                                                                                                                                                                                                                                                                                                                                                                                                                                                                                                                                                                                                                                                                                                                                                                                                                                                                                                                                                                                                        <\/p>\n","protected":false},"excerpt":{"rendered":"<p>RI\u00f1ONERA WORKOUT READY<\/p>\n","protected":false},"featured_media":50096,"template":"","meta":[],"product_brand":[],"product_cat":[242],"product_tag":[41],"class_list":{"0":"post-35351","1":"product","2":"type-product","3":"status-publish","4":"has-post-thumbnail","6":"product_cat-unisex_accesorios","7":"product_tag-reebok","8":"pa_color-unico","9":"pa_talla-unica","10":"thunk-woo-product-list","11":"opn-qv-enable","12":"open-woo-hover-","13":"open-single-product-tab-horizontal","14":"open-shadow-","15":"open-shadow-hover-","17":"first","18":"instock","19":"shipping-taxable","20":"purchasable","21":"product-type-variable"},"jetpack_sharing_enabled":true,"_links":{"self":[{"href":"https:\/\/www.deporteseli.com\/index.php?rest_route=\/wp\/v2\/product\/35351","targetHints":{"allow":["GET"]}}],"collection":[{"href":"https:\/\/www.deporteseli.com\/index.php?rest_route=\/wp\/v2\/product"}],"about":[{"href":"https:\/\/www.deporteseli.com\/index.php?rest_route=\/wp\/v2\/types\/product"}],"wp:featuredmedia":[{"embeddable":true,"href":"https:\/\/www.deporteseli.com\/index.php?rest_route=\/wp\/v2\/media\/50096"}],"wp:attachment":[{"href":"https:\/\/www.deporteseli.com\/index.php?rest_route=%2Fwp%2Fv2%2Fmedia&parent=35351"}],"wp:term":[{"taxonomy":"product_brand","embeddable":true,"href":"https:\/\/www.deporteseli.com\/index.php?rest_route=%2Fwp%2Fv2%2Fproduct_brand&post=35351"},{"taxonomy":"product_cat","embeddable":true,"href":"https:\/\/www.deporteseli.com\/index.php?rest_route=%2Fwp%2Fv2%2Fproduct_cat&post=35351"},{"taxonomy":"product_tag","embeddable":true,"href":"https:\/\/www.deporteseli.com\/index.php?rest_route=%2Fwp%2Fv2%2Fproduct_tag&post=35351"}],"curies":[{"name":"wp","href":"https:\/\/api.w.org\/{rel}","templated":true}]}}