{"id":35348,"date":"2026-01-27T16:47:16","date_gmt":"2026-01-27T16:47:16","guid":{"rendered":"https:\/\/www.deporteseli.com\/?product=banador-solid-fitness"},"modified":"2026-01-27T16:47:18","modified_gmt":"2026-01-27T16:47:18","slug":"banador-solid-fitness","status":"publish","type":"product","link":"https:\/\/www.deporteseli.com\/?product=banador-solid-fitness","title":{"rendered":"BA\u00f1ADOR SOLID FITNESS"},"content":{"rendered":"<p>PARA J\u00d3VENES NADADORAS  Este ba\u00f1ador se ha dise\u00f1ado para entrenar en la piscina a diario. Presenta un tejido suave y resistente al cloro confeccionado con hilo reciclado a partir de redes de pesca y otros restos de nailon. El escote medio en la espalda y en las perneras proporciona un ajuste c\u00f3modo y mayor cobertura.  DETALLES  Tirantes cruzados en la espalda en forma de V y abertura media  Corte de pernera medio  Punto 78% nailon reciclado \/ 22% elast\u00e1n  Forro: punto 100% poli\u00e9ster reciclado  Tejido ultraplano y suave  Tejido resistente al cloro Infinitex Fitness Eco  Esta prenda se ha confeccionado con hilo ECONYL\u00ae reciclado a partir de redes de pesca y otros tejidos de nailon  Color del art\u00edculo: Vivid Red \/ White  N\u00famero de art\u00edculo: GQ1145                                                                                                                                                                                                                                                                                                                                                                                                                                                                                                                                                                                                                                                                                                                                                                                                                                                                                                                                                                                                                                        <\/p>\n","protected":false},"excerpt":{"rendered":"<p>BA\u00f1ADOR SOLID FITNESS<\/p>\n","protected":false},"featured_media":50091,"template":"","meta":[],"product_brand":[],"product_cat":[377],"product_tag":[18],"class_list":{"0":"post-35348","1":"product","2":"type-product","3":"status-publish","4":"has-post-thumbnail","6":"product_cat-ninas_textil_banadores","7":"product_tag-adidas","8":"pa_color-unico","9":"pa_talla-169","10":"pa_talla-t-4","11":"thunk-woo-product-list","12":"opn-qv-enable","13":"open-woo-hover-","14":"open-single-product-tab-horizontal","15":"open-shadow-","16":"open-shadow-hover-","18":"first","19":"instock","20":"shipping-taxable","21":"purchasable","22":"product-type-variable"},"jetpack_sharing_enabled":true,"_links":{"self":[{"href":"https:\/\/www.deporteseli.com\/index.php?rest_route=\/wp\/v2\/product\/35348","targetHints":{"allow":["GET"]}}],"collection":[{"href":"https:\/\/www.deporteseli.com\/index.php?rest_route=\/wp\/v2\/product"}],"about":[{"href":"https:\/\/www.deporteseli.com\/index.php?rest_route=\/wp\/v2\/types\/product"}],"wp:featuredmedia":[{"embeddable":true,"href":"https:\/\/www.deporteseli.com\/index.php?rest_route=\/wp\/v2\/media\/50091"}],"wp:attachment":[{"href":"https:\/\/www.deporteseli.com\/index.php?rest_route=%2Fwp%2Fv2%2Fmedia&parent=35348"}],"wp:term":[{"taxonomy":"product_brand","embeddable":true,"href":"https:\/\/www.deporteseli.com\/index.php?rest_route=%2Fwp%2Fv2%2Fproduct_brand&post=35348"},{"taxonomy":"product_cat","embeddable":true,"href":"https:\/\/www.deporteseli.com\/index.php?rest_route=%2Fwp%2Fv2%2Fproduct_cat&post=35348"},{"taxonomy":"product_tag","embeddable":true,"href":"https:\/\/www.deporteseli.com\/index.php?rest_route=%2Fwp%2Fv2%2Fproduct_tag&post=35348"}],"curies":[{"name":"wp","href":"https:\/\/api.w.org\/{rel}","templated":true}]}}