{"id":35346,"date":"2026-01-27T16:47:13","date_gmt":"2026-01-27T16:47:13","guid":{"rendered":"https:\/\/www.deporteseli.com\/?product=adidas-three-second"},"modified":"2026-01-27T16:47:15","modified_gmt":"2026-01-27T16:47:15","slug":"adidas-three-second","status":"publish","type":"product","link":"https:\/\/www.deporteseli.com\/?product=adidas-three-second","title":{"rendered":"ADIDAS THREE SECOND"},"content":{"rendered":"<p>Salta a la piscina y siente que el estr\u00e9s de la vida diaria se derrite en el agua que te rodea.    Estos calzoncillos de nataci\u00f3n adidas hacen de la nataci\u00f3n un lugar feliz.    La tela suave y resistente al cloro est\u00e1 hecha con hilo hilado de redes de pesca recicladas y otras medias de nailon desechadas.    Las 3 rayas en contraste en un lado les dan un aspecto deportivo.    Esta prenda est\u00e1 hecha de tela resistente al cloro que cuenta con hilo regenerado ECONYL\u00ae.    CARACTERISTICAS:    Factor UV 50 .    Primeblue.    Cintura el\u00e1stica con cord\u00f3n.    Infinitex Fitness Eco 78% nailon reciclado, 22% elastano tricot.    Forro de punto suave.    Tejido suave y ultraplano.    Resistente al cloro.                                                                                                                                                                                                                                                                                                                                                                                                                                                                                                                                                                                                                                                                                                                                                                                                                                                                                                                                                                                                                                        <\/p>\n","protected":false},"excerpt":{"rendered":"<p>ADIDAS THREE SECOND<\/p>\n","protected":false},"featured_media":50087,"template":"","meta":[],"product_brand":[],"product_cat":[246],"product_tag":[18],"class_list":{"0":"post-35346","1":"product","2":"type-product","3":"status-publish","4":"has-post-thumbnail","6":"product_cat-hombre_textil_banadores","7":"product_tag-adidas","8":"pa_color-unico","9":"pa_talla-s","10":"thunk-woo-product-list","11":"opn-qv-enable","12":"open-woo-hover-","13":"open-single-product-tab-horizontal","14":"open-shadow-","15":"open-shadow-hover-","17":"first","18":"instock","19":"shipping-taxable","20":"purchasable","21":"product-type-variable"},"jetpack_sharing_enabled":true,"_links":{"self":[{"href":"https:\/\/www.deporteseli.com\/index.php?rest_route=\/wp\/v2\/product\/35346","targetHints":{"allow":["GET"]}}],"collection":[{"href":"https:\/\/www.deporteseli.com\/index.php?rest_route=\/wp\/v2\/product"}],"about":[{"href":"https:\/\/www.deporteseli.com\/index.php?rest_route=\/wp\/v2\/types\/product"}],"wp:featuredmedia":[{"embeddable":true,"href":"https:\/\/www.deporteseli.com\/index.php?rest_route=\/wp\/v2\/media\/50087"}],"wp:attachment":[{"href":"https:\/\/www.deporteseli.com\/index.php?rest_route=%2Fwp%2Fv2%2Fmedia&parent=35346"}],"wp:term":[{"taxonomy":"product_brand","embeddable":true,"href":"https:\/\/www.deporteseli.com\/index.php?rest_route=%2Fwp%2Fv2%2Fproduct_brand&post=35346"},{"taxonomy":"product_cat","embeddable":true,"href":"https:\/\/www.deporteseli.com\/index.php?rest_route=%2Fwp%2Fv2%2Fproduct_cat&post=35346"},{"taxonomy":"product_tag","embeddable":true,"href":"https:\/\/www.deporteseli.com\/index.php?rest_route=%2Fwp%2Fv2%2Fproduct_tag&post=35346"}],"curies":[{"name":"wp","href":"https:\/\/api.w.org\/{rel}","templated":true}]}}